{"id":869,"date":"2023-03-10T06:48:07","date_gmt":"2023-03-10T06:48:07","guid":{"rendered":"https:\/\/drselengagurmen.com\/?page_id=869"},"modified":"2026-01-09T11:43:18","modified_gmt":"2026-01-09T11:43:18","slug":"our-team","status":"publish","type":"page","link":"https:\/\/drselengagurmen.com\/en\/our-team\/","title":{"rendered":"Our Team"},"content":{"rendered":"<div data-elementor-type=\"wp-page\" data-elementor-id=\"869\" class=\"elementor elementor-869\">\n\t\t\t\t\t\t\t\t\t<section class=\"elementor-section elementor-top-section elementor-element elementor-element-1d38eb03 elementor-section-boxed elementor-section-height-default elementor-section-height-default\" data-id=\"1d38eb03\" data-element_type=\"section\" data-settings=\"{&quot;background_background&quot;:&quot;classic&quot;}\">\n\t\t\t\t\t\t\t<div class=\"elementor-background-overlay\"><\/div>\n\t\t\t\t\t\t\t<div class=\"elementor-container elementor-column-gap-default\">\n\t\t\t\t\t<div class=\"elementor-column elementor-col-50 elementor-top-column elementor-element elementor-element-15304e20\" data-id=\"15304e20\" data-element_type=\"column\">\n\t\t\t<div class=\"elementor-widget-wrap elementor-element-populated\">\n\t\t\t\t\t\t\t\t<div class=\"elementor-element elementor-element-a31be67 elementor-widget elementor-widget-breadcrumbs\" data-id=\"a31be67\" data-element_type=\"widget\" data-widget_type=\"breadcrumbs.default\">\n\t\t\t\t<div class=\"elementor-widget-container\">\n\t\t\t<link rel=\"stylesheet\" href=\"https:\/\/drselengagurmen.com\/wp-content\/plugins\/elementor-pro\/assets\/css\/widget-theme-elements.min.css\"><p id=\"breadcrumbs\"><span><span><a href=\"https:\/\/drselengagurmen.com\/en\">Home Page<\/a><\/span><\/span><\/p>\t\t<\/div>\n\t\t\t\t<\/div>\n\t\t\t\t<div class=\"elementor-element elementor-element-c03e63d elementor-widget elementor-widget-text-editor\" data-id=\"c03e63d\" data-element_type=\"widget\" data-widget_type=\"text-editor.default\">\n\t\t\t\t<div class=\"elementor-widget-container\">\n\t\t\t<style>\/*! elementor - v3.15.0 - 31-07-2023 *\/\n.elementor-widget-text-editor.elementor-drop-cap-view-stacked .elementor-drop-cap{background-color:#69727d;color:#fff}.elementor-widget-text-editor.elementor-drop-cap-view-framed .elementor-drop-cap{color:#69727d;border:3px solid;background-color:transparent}.elementor-widget-text-editor:not(.elementor-drop-cap-view-default) .elementor-drop-cap{margin-top:8px}.elementor-widget-text-editor:not(.elementor-drop-cap-view-default) .elementor-drop-cap-letter{width:1em;height:1em}.elementor-widget-text-editor .elementor-drop-cap{float:left;text-align:center;line-height:1;font-size:50px}.elementor-widget-text-editor .elementor-drop-cap-letter{display:inline-block}<\/style>\t\t\t\t<p>As a team of experts, our aim is to provide a safe, supportive and free environment for our clients and to accompany them in their self-discovery, development and improvement processes.<\/p>\t\t\t\t\t\t<\/div>\n\t\t\t\t<\/div>\n\t\t\t\t\t<\/div>\n\t\t<\/div>\n\t\t\t\t<div class=\"elementor-column elementor-col-50 elementor-top-column elementor-element elementor-element-28c4d65f\" data-id=\"28c4d65f\" data-element_type=\"column\">\n\t\t\t<div class=\"elementor-widget-wrap\">\n\t\t\t\t\t\t\t\t\t<\/div>\n\t\t<\/div>\n\t\t\t\t\t\t\t<\/div>\n\t\t<\/section>\n\t\t\t\t<section class=\"elementor-section elementor-top-section elementor-element elementor-element-51202eb elementor-section-boxed elementor-section-height-default elementor-section-height-default\" data-id=\"51202eb\" data-element_type=\"section\" data-settings=\"{&quot;background_background&quot;:&quot;gradient&quot;}\">\n\t\t\t\t\t\t<div class=\"elementor-container elementor-column-gap-no\">\n\t\t\t\t\t<div class=\"elementor-column elementor-col-100 elementor-top-column elementor-element elementor-element-ea8c692\" data-id=\"ea8c692\" data-element_type=\"column\">\n\t\t\t<div class=\"elementor-widget-wrap elementor-element-populated\">\n\t\t\t\t\t\t\t\t<div class=\"elementor-element elementor-element-1bdeced elementor-invisible elementor-widget elementor-widget-heading\" data-id=\"1bdeced\" data-element_type=\"widget\" data-settings=\"{&quot;_animation&quot;:&quot;fadeInUp&quot;}\" data-widget_type=\"heading.default\">\n\t\t\t\t<div class=\"elementor-widget-container\">\n\t\t\t<style>\/*! elementor - v3.15.0 - 31-07-2023 *\/\n.elementor-heading-title{padding:0;margin:0;line-height:1}.elementor-widget-heading .elementor-heading-title[class*=elementor-size-]>a{color:inherit;font-size:inherit;line-height:inherit}.elementor-widget-heading .elementor-heading-title.elementor-size-small{font-size:15px}.elementor-widget-heading .elementor-heading-title.elementor-size-medium{font-size:19px}.elementor-widget-heading .elementor-heading-title.elementor-size-large{font-size:29px}.elementor-widget-heading .elementor-heading-title.elementor-size-xl{font-size:39px}.elementor-widget-heading .elementor-heading-title.elementor-size-xxl{font-size:59px}<\/style><span class=\"elementor-heading-title elementor-size-default\">GIVE YOURSELF AND YOUR RELATIONSHIP THE BEST GIFT, MEET PSYCHOTHERAPY <\/span>\t\t<\/div>\n\t\t\t\t<\/div>\n\t\t\t\t<div class=\"elementor-element elementor-element-a966355 elementor-invisible elementor-widget elementor-widget-heading\" data-id=\"a966355\" data-element_type=\"widget\" data-settings=\"{&quot;_animation&quot;:&quot;fadeInUp&quot;,&quot;_animation_delay&quot;:200}\" data-widget_type=\"heading.default\">\n\t\t\t\t<div class=\"elementor-widget-container\">\n\t\t\t<h2 class=\"elementor-heading-title elementor-size-default\">Our Team<br><\/h2>\t\t<\/div>\n\t\t\t\t<\/div>\n\t\t\t\t<div class=\"elementor-element elementor-element-87795d5 elementor-widget elementor-widget-spacer\" data-id=\"87795d5\" data-element_type=\"widget\" data-widget_type=\"spacer.default\">\n\t\t\t\t<div class=\"elementor-widget-container\">\n\t\t\t<style>\/*! elementor - v3.15.0 - 31-07-2023 *\/\n.elementor-column .elementor-spacer-inner{height:var(--spacer-size)}.e-con{--container-widget-width:100%}.e-con-inner>.elementor-widget-spacer,.e-con>.elementor-widget-spacer{width:var(--container-widget-width,var(--spacer-size));--align-self:var(--container-widget-align-self,initial);--flex-shrink:0}.e-con-inner>.elementor-widget-spacer>.elementor-widget-container,.e-con-inner>.elementor-widget-spacer>.elementor-widget-container>.elementor-spacer,.e-con>.elementor-widget-spacer>.elementor-widget-container,.e-con>.elementor-widget-spacer>.elementor-widget-container>.elementor-spacer{height:100%}.e-con-inner>.elementor-widget-spacer>.elementor-widget-container>.elementor-spacer>.elementor-spacer-inner,.e-con>.elementor-widget-spacer>.elementor-widget-container>.elementor-spacer>.elementor-spacer-inner{height:var(--container-widget-height,var(--spacer-size))}<\/style>\t\t<div class=\"elementor-spacer\">\n\t\t\t<div class=\"elementor-spacer-inner\"><\/div>\n\t\t<\/div>\n\t\t\t\t<\/div>\n\t\t\t\t<\/div>\n\t\t\t\t<section class=\"elementor-section elementor-inner-section elementor-element elementor-element-7aa2ba0 elementor-section-boxed elementor-section-height-default elementor-section-height-default\" data-id=\"7aa2ba0\" data-element_type=\"section\">\n\t\t\t\t\t\t<div class=\"elementor-container elementor-column-gap-default\">\n\t\t\t\t\t<div class=\"elementor-column elementor-col-100 elementor-inner-column elementor-element elementor-element-2dca5b5\" data-id=\"2dca5b5\" data-element_type=\"column\">\n\t\t\t<div class=\"elementor-widget-wrap elementor-element-populated\">\n\t\t\t\t\t\t\t\t<div class=\"elementor-element elementor-element-5baf551 elementor-grid-3 elementor-grid-tablet-2 elementor-grid-mobile-1 elementor-widget elementor-widget-loop-grid\" data-id=\"5baf551\" data-element_type=\"widget\" data-settings=\"{&quot;template_id&quot;:5723,&quot;_skin&quot;:&quot;post&quot;,&quot;columns&quot;:&quot;3&quot;,&quot;columns_tablet&quot;:&quot;2&quot;,&quot;columns_mobile&quot;:&quot;1&quot;,&quot;row_gap&quot;:{&quot;unit&quot;:&quot;px&quot;,&quot;size&quot;:&quot;&quot;,&quot;sizes&quot;:[]},&quot;row_gap_tablet&quot;:{&quot;unit&quot;:&quot;px&quot;,&quot;size&quot;:&quot;&quot;,&quot;sizes&quot;:[]},&quot;row_gap_mobile&quot;:{&quot;unit&quot;:&quot;px&quot;,&quot;size&quot;:&quot;&quot;,&quot;sizes&quot;:[]}}\" data-widget_type=\"loop-grid.post\">\n\t\t\t\t<div class=\"elementor-widget-container\">\n\t\t\t<link rel=\"stylesheet\" href=\"https:\/\/drselengagurmen.com\/wp-content\/plugins\/elementor-pro\/assets\/css\/widget-loop-builder.min.css\">\t\t<div class=\"elementor-loop-container elementor-grid\">\n\t\t<style id=\"loop-5723\">.elementor-5723 .elementor-element.elementor-element-5c6c435 > .elementor-widget-wrap > .elementor-widget:not(.elementor-widget__width-auto):not(.elementor-widget__width-initial):not(:last-child):not(.elementor-absolute){margin-bottom:4px;}.elementor-5723 .elementor-element.elementor-element-c1afb4d img{border-radius:20px 20px 20px 20px;}.elementor-5723 .elementor-element.elementor-element-10c6118{text-align:center;}.elementor-5723 .elementor-element.elementor-element-10c6118 .elementor-heading-title{font-size:23px;}.elementor-5723 .elementor-element.elementor-element-e635485{text-align:center;}.elementor-5723 .elementor-element.elementor-element-e635485 .elementor-heading-title{color:var( --e-global-color-primary );font-size:19px;}<\/style>\t\t<div data-elementor-type=\"loop-item\" data-elementor-id=\"5723\" class=\"elementor elementor-5723 e-loop-item-5735 e-loop-item\">\n\t\t\t\t\t\t\t\t<section class=\"elementor-section elementor-top-section elementor-element elementor-element-e980fec elementor-section-boxed elementor-section-height-default elementor-section-height-default\" data-id=\"e980fec\" data-element_type=\"section\">\n\t\t\t\t\t\t<div class=\"elementor-container elementor-column-gap-default\">\n\t\t\t\t\t<div class=\"elementor-column elementor-col-100 elementor-top-column elementor-element elementor-element-5c6c435 popuparzu\" data-id=\"5c6c435\" data-element_type=\"column\">\n\t\t\t<div class=\"elementor-widget-wrap elementor-element-populated\">\n\t\t\t\t\t\t\t\t<div class=\"elementor-element elementor-element-10c6118 elementor-widget elementor-widget-heading\" data-id=\"10c6118\" data-element_type=\"widget\" data-widget_type=\"heading.default\">\n\t\t\t\t<div class=\"elementor-widget-container\">\n\t\t\t<h2 class=\"elementor-heading-title elementor-size-default\">Arzu Co\u015fkun<\/h2>\t\t<\/div>\n\t\t\t\t<\/div>\n\t\t\t\t<div class=\"elementor-element elementor-element-e635485 elementor-widget elementor-widget-heading\" data-id=\"e635485\" data-element_type=\"widget\" data-widget_type=\"heading.default\">\n\t\t\t\t<div class=\"elementor-widget-container\">\n\t\t\t<h2 class=\"elementor-heading-title elementor-size-default\">Individual, Couple and Family Counselor<\/h2>\t\t<\/div>\n\t\t\t\t<\/div>\n\t\t\t\t\t<\/div>\n\t\t<\/div>\n\t\t\t\t\t\t\t<\/div>\n\t\t<\/section>\n\t\t\t\t\t\t<\/div>\n\t\t\t\t<div data-elementor-type=\"loop-item\" data-elementor-id=\"5723\" class=\"elementor elementor-5723 e-loop-item-5733 e-loop-item\">\n\t\t\t\t\t\t\t\t<section class=\"elementor-section elementor-top-section elementor-element elementor-element-e980fec elementor-section-boxed elementor-section-height-default elementor-section-height-default\" data-id=\"e980fec\" data-element_type=\"section\">\n\t\t\t\t\t\t<div class=\"elementor-container elementor-column-gap-default\">\n\t\t\t\t\t<div class=\"elementor-column elementor-col-100 elementor-top-column elementor-element elementor-element-5c6c435 popupMary\" data-id=\"5c6c435\" data-element_type=\"column\">\n\t\t\t<div class=\"elementor-widget-wrap elementor-element-populated\">\n\t\t\t\t\t\t\t\t<div class=\"elementor-element elementor-element-10c6118 elementor-widget elementor-widget-heading\" data-id=\"10c6118\" data-element_type=\"widget\" data-widget_type=\"heading.default\">\n\t\t\t\t<div class=\"elementor-widget-container\">\n\t\t\t<h2 class=\"elementor-heading-title elementor-size-default\">Mary Deniz Erdede<\/h2>\t\t<\/div>\n\t\t\t\t<\/div>\n\t\t\t\t<div class=\"elementor-element elementor-element-e635485 elementor-widget elementor-widget-heading\" data-id=\"e635485\" data-element_type=\"widget\" data-widget_type=\"heading.default\">\n\t\t\t\t<div class=\"elementor-widget-container\">\n\t\t\t<h2 class=\"elementor-heading-title elementor-size-default\">Individual, Couple and Family Counselor<\/h2>\t\t<\/div>\n\t\t\t\t<\/div>\n\t\t\t\t\t<\/div>\n\t\t<\/div>\n\t\t\t\t\t\t\t<\/div>\n\t\t<\/section>\n\t\t\t\t\t\t<\/div>\n\t\t\t\t<div data-elementor-type=\"loop-item\" data-elementor-id=\"5723\" class=\"elementor elementor-5723 e-loop-item-5699 e-loop-item\">\n\t\t\t\t\t\t\t\t<section class=\"elementor-section elementor-top-section elementor-element elementor-element-e980fec elementor-section-boxed elementor-section-height-default elementor-section-height-default\" data-id=\"e980fec\" data-element_type=\"section\">\n\t\t\t\t\t\t<div class=\"elementor-container elementor-column-gap-default\">\n\t\t\t\t\t<div class=\"elementor-column elementor-col-100 elementor-top-column elementor-element elementor-element-5c6c435 popupSude\" data-id=\"5c6c435\" data-element_type=\"column\">\n\t\t\t<div class=\"elementor-widget-wrap elementor-element-populated\">\n\t\t\t\t\t\t\t\t<div class=\"elementor-element elementor-element-10c6118 elementor-widget elementor-widget-heading\" data-id=\"10c6118\" data-element_type=\"widget\" data-widget_type=\"heading.default\">\n\t\t\t\t<div class=\"elementor-widget-container\">\n\t\t\t<h2 class=\"elementor-heading-title elementor-size-default\">Sude K\u0131l\u0131\u00e7<\/h2>\t\t<\/div>\n\t\t\t\t<\/div>\n\t\t\t\t<div class=\"elementor-element elementor-element-e635485 elementor-widget elementor-widget-heading\" data-id=\"e635485\" data-element_type=\"widget\" data-widget_type=\"heading.default\">\n\t\t\t\t<div class=\"elementor-widget-container\">\n\t\t\t<h2 class=\"elementor-heading-title elementor-size-default\">Individual, Couple and Family Counselor<\/h2>\t\t<\/div>\n\t\t\t\t<\/div>\n\t\t\t\t\t<\/div>\n\t\t<\/div>\n\t\t\t\t\t\t\t<\/div>\n\t\t<\/section>\n\t\t\t\t\t\t<\/div>\n\t\t\t\t<\/div>\n\t\t\n\t\t\t\t<\/div>\n\t\t\t\t<\/div>\n\t\t\t\t\t<\/div>\n\t\t<\/div>\n\t\t\t\t\t\t\t<\/div>\n\t\t<\/section>\n\t\t\t\t<div class=\"elementor-element elementor-element-2abf671 elementor-widget elementor-widget-spacer\" data-id=\"2abf671\" data-element_type=\"widget\" data-widget_type=\"spacer.default\">\n\t\t\t\t<div class=\"elementor-widget-container\">\n\t\t\t\t\t<div class=\"elementor-spacer\">\n\t\t\t<div class=\"elementor-spacer-inner\"><\/div>\n\t\t<\/div>\n\t\t\t\t<\/div>\n\t\t\t\t<\/div>\n\t\t\t\t\t<\/div>\n\t\t<\/div>\n\t\t\t\t\t\t\t<\/div>\n\t\t<\/section>\n\t\t\t\t\t\t\t<\/div>","protected":false},"excerpt":{"rendered":"<p>Uzman bir ekip olarak amac\u0131m\u0131z, dan\u0131\u015fanlar\u0131m\u0131za g\u00fcvenli, destekleyici ve \u00f6zg\u00fcr bir ortam sa\u011flamak ve kendilerini ke\u015ffetme, geli\u015ftirme, iyile\u015ftirme s\u00fcre\u00e7lerinde onlara e\u015flik etmektir. KEND\u0130N\u0130ZE VE \u0130L\u0130\u015eK\u0130N\u0130ZE EN G\u00dcZEL HED\u0130YEY\u0130 VER\u0130N, PS\u0130KOTERAP\u0130 \u0130LE TANI\u015eIN Ekibimiz<\/p>","protected":false},"author":1,"featured_media":0,"parent":0,"menu_order":0,"comment_status":"closed","ping_status":"closed","template":"elementor_header_footer","meta":{"_acf_changed":false,"footnotes":""},"class_list":["post-869","page","type-page","status-publish","hentry"],"acf":[],"yoast_head":"<!-- This site is optimized with the Yoast SEO plugin v25.0 - https:\/\/yoast.com\/wordpress\/plugins\/seo\/ -->\n<title>Ekibimiz - Dr. Selenga G\u00fcrmen: Psikoloji E\u011fitimleri - Terapi E\u011fitimleri<\/title>\n<meta name=\"robots\" content=\"index, follow, max-snippet:-1, max-image-preview:large, max-video-preview:-1\" \/>\n<link rel=\"canonical\" href=\"https:\/\/drselengagurmen.com\/en\/our-team\/\" \/>\n<meta property=\"og:locale\" content=\"en_US\" \/>\n<meta property=\"og:type\" content=\"article\" \/>\n<meta property=\"og:title\" content=\"Ekibimiz - Dr. Selenga G\u00fcrmen: Psikoloji E\u011fitimleri - Terapi E\u011fitimleri\" \/>\n<meta property=\"og:description\" content=\"Uzman bir ekip olarak amac\u0131m\u0131z, dan\u0131\u015fanlar\u0131m\u0131za g\u00fcvenli, destekleyici ve \u00f6zg\u00fcr bir ortam sa\u011flamak ve kendilerini ke\u015ffetme, geli\u015ftirme, iyile\u015ftirme s\u00fcre\u00e7lerinde onlara e\u015flik etmektir. KEND\u0130N\u0130ZE VE \u0130L\u0130\u015eK\u0130N\u0130ZE EN G\u00dcZEL HED\u0130YEY\u0130 VER\u0130N, PS\u0130KOTERAP\u0130 \u0130LE TANI\u015eIN Ekibimiz\" \/>\n<meta property=\"og:url\" content=\"https:\/\/drselengagurmen.com\/en\/our-team\/\" \/>\n<meta property=\"og:site_name\" content=\"Dr. Selenga G\u00fcrmen: Psikoloji E\u011fitimleri - Terapi E\u011fitimleri\" \/>\n<meta property=\"article:modified_time\" content=\"2026-01-09T11:43:18+00:00\" \/>\n<meta name=\"twitter:card\" content=\"summary_large_image\" \/>\n<meta name=\"twitter:label1\" content=\"Est. reading time\" \/>\n\t<meta name=\"twitter:data1\" content=\"3 minutes\" \/>\n<script type=\"application\/ld+json\" class=\"yoast-schema-graph\">{\"@context\":\"https:\/\/schema.org\",\"@graph\":[{\"@type\":\"WebPage\",\"@id\":\"https:\/\/drselengagurmen.com\/ekibimiz\/\",\"url\":\"https:\/\/drselengagurmen.com\/ekibimiz\/\",\"name\":\"Ekibimiz - Dr. Selenga G\u00fcrmen: Psikoloji E\u011fitimleri - Terapi E\u011fitimleri\",\"isPartOf\":{\"@id\":\"https:\/\/drselengagurmen.com\/#website\"},\"datePublished\":\"2023-03-10T06:48:07+00:00\",\"dateModified\":\"2026-01-09T11:43:18+00:00\",\"breadcrumb\":{\"@id\":\"https:\/\/drselengagurmen.com\/ekibimiz\/#breadcrumb\"},\"inLanguage\":\"en-US\",\"potentialAction\":[{\"@type\":\"ReadAction\",\"target\":[\"https:\/\/drselengagurmen.com\/ekibimiz\/\"]}]},{\"@type\":\"BreadcrumbList\",\"@id\":\"https:\/\/drselengagurmen.com\/ekibimiz\/#breadcrumb\",\"itemListElement\":[{\"@type\":\"ListItem\",\"position\":1,\"name\":\"Anasayfa\",\"item\":\"https:\/\/drselengagurmen.com\/\"},{\"@type\":\"ListItem\",\"position\":2,\"name\":\"Ekibimiz\"}]},{\"@type\":\"WebSite\",\"@id\":\"https:\/\/drselengagurmen.com\/#website\",\"url\":\"https:\/\/drselengagurmen.com\/\",\"name\":\"Dr. Selenga G\u00fcrmen: Psikoloji E\u011fitimleri - Terapi E\u011fitimleri\",\"description\":\"Psikoterapistler, psikoterapi e\u011fitimi alm\u0131\u015f ruh sa\u011fl\u0131\u011f\u0131 alan\u0131nda \u00e7al\u0131\u015fan uzmanlard\u0131r.\",\"potentialAction\":[{\"@type\":\"SearchAction\",\"target\":{\"@type\":\"EntryPoint\",\"urlTemplate\":\"https:\/\/drselengagurmen.com\/?s={search_term_string}\"},\"query-input\":{\"@type\":\"PropertyValueSpecification\",\"valueRequired\":true,\"valueName\":\"search_term_string\"}}],\"inLanguage\":\"en-US\"}]}<\/script>\n<!-- \/ Yoast SEO plugin. -->","yoast_head_json":{"title":"Ekibimiz - Dr. Selenga G\u00fcrmen: Psikoloji E\u011fitimleri - Terapi E\u011fitimleri","robots":{"index":"index","follow":"follow","max-snippet":"max-snippet:-1","max-image-preview":"max-image-preview:large","max-video-preview":"max-video-preview:-1"},"canonical":"https:\/\/drselengagurmen.com\/en\/our-team\/","og_locale":"en_US","og_type":"article","og_title":"Ekibimiz - Dr. Selenga G\u00fcrmen: Psikoloji E\u011fitimleri - Terapi E\u011fitimleri","og_description":"Uzman bir ekip olarak amac\u0131m\u0131z, dan\u0131\u015fanlar\u0131m\u0131za g\u00fcvenli, destekleyici ve \u00f6zg\u00fcr bir ortam sa\u011flamak ve kendilerini ke\u015ffetme, geli\u015ftirme, iyile\u015ftirme s\u00fcre\u00e7lerinde onlara e\u015flik etmektir. KEND\u0130N\u0130ZE VE \u0130L\u0130\u015eK\u0130N\u0130ZE EN G\u00dcZEL HED\u0130YEY\u0130 VER\u0130N, PS\u0130KOTERAP\u0130 \u0130LE TANI\u015eIN Ekibimiz","og_url":"https:\/\/drselengagurmen.com\/en\/our-team\/","og_site_name":"Dr. Selenga G\u00fcrmen: Psikoloji E\u011fitimleri - Terapi E\u011fitimleri","article_modified_time":"2026-01-09T11:43:18+00:00","twitter_card":"summary_large_image","twitter_misc":{"Est. reading time":"3 minutes"},"schema":{"@context":"https:\/\/schema.org","@graph":[{"@type":"WebPage","@id":"https:\/\/drselengagurmen.com\/ekibimiz\/","url":"https:\/\/drselengagurmen.com\/ekibimiz\/","name":"Ekibimiz - Dr. Selenga G\u00fcrmen: Psikoloji E\u011fitimleri - Terapi E\u011fitimleri","isPartOf":{"@id":"https:\/\/drselengagurmen.com\/#website"},"datePublished":"2023-03-10T06:48:07+00:00","dateModified":"2026-01-09T11:43:18+00:00","breadcrumb":{"@id":"https:\/\/drselengagurmen.com\/ekibimiz\/#breadcrumb"},"inLanguage":"en-US","potentialAction":[{"@type":"ReadAction","target":["https:\/\/drselengagurmen.com\/ekibimiz\/"]}]},{"@type":"BreadcrumbList","@id":"https:\/\/drselengagurmen.com\/ekibimiz\/#breadcrumb","itemListElement":[{"@type":"ListItem","position":1,"name":"Anasayfa","item":"https:\/\/drselengagurmen.com\/"},{"@type":"ListItem","position":2,"name":"Ekibimiz"}]},{"@type":"WebSite","@id":"https:\/\/drselengagurmen.com\/#website","url":"https:\/\/drselengagurmen.com\/","name":"Dr. Selenga G\u00fcrmen: Psikoloji E\u011fitimleri - Terapi E\u011fitimleri","description":"Psikoterapistler, psikoterapi e\u011fitimi alm\u0131\u015f ruh sa\u011fl\u0131\u011f\u0131 alan\u0131nda \u00e7al\u0131\u015fan uzmanlard\u0131r.","potentialAction":[{"@type":"SearchAction","target":{"@type":"EntryPoint","urlTemplate":"https:\/\/drselengagurmen.com\/?s={search_term_string}"},"query-input":{"@type":"PropertyValueSpecification","valueRequired":true,"valueName":"search_term_string"}}],"inLanguage":"en-US"}]}},"_links":{"self":[{"href":"https:\/\/drselengagurmen.com\/en\/wp-json\/wp\/v2\/pages\/869","targetHints":{"allow":["GET"]}}],"collection":[{"href":"https:\/\/drselengagurmen.com\/en\/wp-json\/wp\/v2\/pages"}],"about":[{"href":"https:\/\/drselengagurmen.com\/en\/wp-json\/wp\/v2\/types\/page"}],"author":[{"embeddable":true,"href":"https:\/\/drselengagurmen.com\/en\/wp-json\/wp\/v2\/users\/1"}],"replies":[{"embeddable":true,"href":"https:\/\/drselengagurmen.com\/en\/wp-json\/wp\/v2\/comments?post=869"}],"version-history":[{"count":0,"href":"https:\/\/drselengagurmen.com\/en\/wp-json\/wp\/v2\/pages\/869\/revisions"}],"wp:attachment":[{"href":"https:\/\/drselengagurmen.com\/en\/wp-json\/wp\/v2\/media?parent=869"}],"curies":[{"name":"wp","href":"https:\/\/api.w.org\/{rel}","templated":true}]}}