{"id":4413,"date":"2025-05-02T06:38:44","date_gmt":"2025-05-02T06:38:44","guid":{"rendered":"https:\/\/drselengagurmen.com\/?page_id=4413"},"modified":"2025-06-30T08:15:55","modified_gmt":"2025-06-30T08:15:55","slug":"our-founder","status":"publish","type":"page","link":"https:\/\/drselengagurmen.com\/en\/our-founder\/","title":{"rendered":"Our Founder"},"content":{"rendered":"<div data-elementor-type=\"wp-page\" data-elementor-id=\"4413\" class=\"elementor elementor-4413\">\n\t\t\t\t\t\t\t\t\t<section class=\"elementor-section elementor-top-section elementor-element elementor-element-6f72502 elementor-section-boxed elementor-section-height-default elementor-section-height-default\" data-id=\"6f72502\" data-element_type=\"section\" data-settings=\"{&quot;background_background&quot;:&quot;classic&quot;}\">\n\t\t\t\t\t\t\t<div class=\"elementor-background-overlay\"><\/div>\n\t\t\t\t\t\t\t<div class=\"elementor-container elementor-column-gap-default\">\n\t\t\t\t\t<div class=\"elementor-column elementor-col-50 elementor-top-column elementor-element elementor-element-96d844b\" data-id=\"96d844b\" data-element_type=\"column\">\n\t\t\t<div class=\"elementor-widget-wrap elementor-element-populated\">\n\t\t\t\t\t\t\t\t<div class=\"elementor-element elementor-element-52b73f0 elementor-widget elementor-widget-breadcrumbs\" data-id=\"52b73f0\" data-element_type=\"widget\" data-widget_type=\"breadcrumbs.default\">\n\t\t\t\t<div class=\"elementor-widget-container\">\n\t\t\t<link rel=\"stylesheet\" href=\"https:\/\/drselengagurmen.com\/wp-content\/plugins\/elementor-pro\/assets\/css\/widget-theme-elements.min.css\"><p id=\"breadcrumbs\"><span><span><a href=\"https:\/\/drselengagurmen.com\/en\">Home Page<\/a><\/span><\/span><\/p>\t\t<\/div>\n\t\t\t\t<\/div>\n\t\t\t\t\t<\/div>\n\t\t<\/div>\n\t\t\t\t<div class=\"elementor-column elementor-col-50 elementor-top-column elementor-element elementor-element-7fae279\" data-id=\"7fae279\" data-element_type=\"column\">\n\t\t\t<div class=\"elementor-widget-wrap\">\n\t\t\t\t\t\t\t\t\t<\/div>\n\t\t<\/div>\n\t\t\t\t\t\t\t<\/div>\n\t\t<\/section>\n\t\t\t\t<section class=\"elementor-section elementor-top-section elementor-element elementor-element-b0b8d92 elementor-section-boxed elementor-section-height-default elementor-section-height-default\" data-id=\"b0b8d92\" data-element_type=\"section\">\n\t\t\t\t\t\t<div class=\"elementor-container elementor-column-gap-default\">\n\t\t\t\t\t<div class=\"elementor-column elementor-col-50 elementor-top-column elementor-element elementor-element-3575a8e\" data-id=\"3575a8e\" data-element_type=\"column\" data-settings=\"{&quot;background_background&quot;:&quot;classic&quot;}\">\n\t\t\t<div class=\"elementor-widget-wrap elementor-element-populated\">\n\t\t\t\t\t\t\t\t<div class=\"elementor-element elementor-element-fdd98cf elementor-widget elementor-widget-image\" data-id=\"fdd98cf\" data-element_type=\"widget\" data-widget_type=\"image.default\">\n\t\t\t\t<div class=\"elementor-widget-container\">\n\t\t\t<style>\/*! elementor - v3.15.0 - 31-07-2023 *\/\n.elementor-widget-image{text-align:center}.elementor-widget-image a{display:inline-block}.elementor-widget-image a img[src$=\".svg\"]{width:48px}.elementor-widget-image img{vertical-align:middle;display:inline-block}<\/style>\t\t\t\t\t\t\t\t\t\t\t\t<img loading=\"lazy\" decoding=\"async\" width=\"1600\" height=\"899\" src=\"https:\/\/drselengagurmen.com\/wp-content\/uploads\/2023\/03\/dr-selenga-gurmen-5.jpg\" class=\"attachment-full size-full wp-image-1910\" alt=\"\" srcset=\"https:\/\/drselengagurmen.com\/wp-content\/uploads\/2023\/03\/dr-selenga-gurmen-5.jpg 1600w, https:\/\/drselengagurmen.com\/wp-content\/uploads\/2023\/03\/dr-selenga-gurmen-5-300x169.jpg 300w, https:\/\/drselengagurmen.com\/wp-content\/uploads\/2023\/03\/dr-selenga-gurmen-5-1024x575.jpg 1024w, https:\/\/drselengagurmen.com\/wp-content\/uploads\/2023\/03\/dr-selenga-gurmen-5-768x432.jpg 768w, https:\/\/drselengagurmen.com\/wp-content\/uploads\/2023\/03\/dr-selenga-gurmen-5-1536x863.jpg 1536w\" sizes=\"auto, (max-width: 1600px) 100vw, 1600px\" \/>\t\t\t\t\t\t\t\t\t\t\t\t\t\t\t<\/div>\n\t\t\t\t<\/div>\n\t\t\t\t\t<\/div>\n\t\t<\/div>\n\t\t\t\t<div class=\"elementor-column elementor-col-50 elementor-top-column elementor-element elementor-element-f56c1f5\" data-id=\"f56c1f5\" data-element_type=\"column\">\n\t\t\t<div class=\"elementor-widget-wrap elementor-element-populated\">\n\t\t\t\t\t\t\t\t<div class=\"elementor-element elementor-element-000e7a6 elementor-invisible elementor-widget elementor-widget-heading\" data-id=\"000e7a6\" data-element_type=\"widget\" data-settings=\"{&quot;_animation&quot;:&quot;fadeInUp&quot;}\" data-widget_type=\"heading.default\">\n\t\t\t\t<div class=\"elementor-widget-container\">\n\t\t\t<style>\/*! elementor - v3.15.0 - 31-07-2023 *\/\n.elementor-heading-title{padding:0;margin:0;line-height:1}.elementor-widget-heading .elementor-heading-title[class*=elementor-size-]>a{color:inherit;font-size:inherit;line-height:inherit}.elementor-widget-heading .elementor-heading-title.elementor-size-small{font-size:15px}.elementor-widget-heading .elementor-heading-title.elementor-size-medium{font-size:19px}.elementor-widget-heading .elementor-heading-title.elementor-size-large{font-size:29px}.elementor-widget-heading .elementor-heading-title.elementor-size-xl{font-size:39px}.elementor-widget-heading .elementor-heading-title.elementor-size-xxl{font-size:59px}<\/style><span class=\"elementor-heading-title elementor-size-default\">ABOUT OUR FOUNDER<\/span>\t\t<\/div>\n\t\t\t\t<\/div>\n\t\t\t\t<div class=\"elementor-element elementor-element-807be68 elementor-invisible elementor-widget elementor-widget-heading\" data-id=\"807be68\" data-element_type=\"widget\" data-settings=\"{&quot;_animation&quot;:&quot;fadeInUp&quot;,&quot;_animation_delay&quot;:200}\" data-widget_type=\"heading.default\">\n\t\t\t\t<div class=\"elementor-widget-container\">\n\t\t\t<h2 class=\"elementor-heading-title elementor-size-default\">Dr. Selenga G\u00fcrmen<\/h2>\t\t<\/div>\n\t\t\t\t<\/div>\n\t\t\t\t<div class=\"elementor-element elementor-element-3ae474a elementor-widget__width-auto elementor-invisible elementor-widget elementor-widget-heading\" data-id=\"3ae474a\" data-element_type=\"widget\" data-settings=\"{&quot;_animation&quot;:&quot;fadeInUp&quot;}\" data-widget_type=\"heading.default\">\n\t\t\t\t<div class=\"elementor-widget-container\">\n\t\t\t<span class=\"elementor-heading-title elementor-size-default\"><a href=\"https:\/\/drselengagurmen.com\/wp-content\/uploads\/2023\/07\/Gurmen_CV2023.docx.pdf\">DR. SELENGA G\u00dcRMEN - CV<\/a><\/span>\t\t<\/div>\n\t\t\t\t<\/div>\n\t\t\t\t<div class=\"elementor-element elementor-element-596089b elementor-widget elementor-widget-text-editor\" data-id=\"596089b\" data-element_type=\"widget\" data-widget_type=\"text-editor.default\">\n\t\t\t\t<div class=\"elementor-widget-container\">\n\t\t\t<style>\/*! elementor - v3.15.0 - 31-07-2023 *\/\n.elementor-widget-text-editor.elementor-drop-cap-view-stacked .elementor-drop-cap{background-color:#69727d;color:#fff}.elementor-widget-text-editor.elementor-drop-cap-view-framed .elementor-drop-cap{color:#69727d;border:3px solid;background-color:transparent}.elementor-widget-text-editor:not(.elementor-drop-cap-view-default) .elementor-drop-cap{margin-top:8px}.elementor-widget-text-editor:not(.elementor-drop-cap-view-default) .elementor-drop-cap-letter{width:1em;height:1em}.elementor-widget-text-editor .elementor-drop-cap{float:left;text-align:center;line-height:1;font-size:50px}.elementor-widget-text-editor .elementor-drop-cap-letter{display:inline-block}<\/style>\t\t\t\t<p><span style=\"font-weight: 400;\">Assistant Professor Selenga G\u00fcrmen graduated top of her class in the Psychology Department at Bo\u011fazi\u00e7i University in 2010. She completed her master's degree in Marriage and Family Therapy at the University of Connecticut in the United States in 2012. She completed her doctorate in the same field in May 2015. She teaches both undergraduate psychology and graduate courses in Couple and Family Therapy.<\/span><\/p><p><span style=\"font-weight: 400;\">Academically, the fields of study are double <\/span><span style=\"font-weight: 400;\">consultancy<\/span><span style=\"font-weight: 400;\"> The effectiveness and therapeutic change process, family harmony during and after divorce, co-parenting relationships, couples experiencing severe conflict, and the effects of the digital age on relationships. Dr. G\u00fcrmen adapts the family system to society and works on identifying, intervening, predicting, and preventing complex social problems (such as climate change, energy and resource crises, gender inequality and violence) from interacting with society and the necessary behavioral changes.<\/span><\/p><p><span style=\"font-weight: 400;\">Mainly in clinical terms <\/span><span style=\"font-weight: 400;\">provides couples counseling <\/span><span style=\"font-weight: 400;\">She also works with adults, adolescents, and families. She has seminars, workshops, and training programs where she supports parents and couples through crisis and developmental transitions. In addition to her clinical training and experience, she has also received supervisory training and is one of the few American Association for Marriage and Family Therapy (AAMFT)-certified supervisors in Turkey. She is also an AAMFT supervisor trainer and mentor.ss<\/span><\/p>\t\t\t\t\t\t<\/div>\n\t\t\t\t<\/div>\n\t\t\t\t<div class=\"elementor-element elementor-element-bd450a0 elementor-widget-divider--view-line elementor-widget elementor-widget-divider\" data-id=\"bd450a0\" data-element_type=\"widget\" data-widget_type=\"divider.default\">\n\t\t\t\t<div class=\"elementor-widget-container\">\n\t\t\t<style>\/*! elementor - v3.15.0 - 31-07-2023 *\/\n.elementor-widget-divider{--divider-border-style:none;--divider-border-width:1px;--divider-color:#0c0d0e;--divider-icon-size:20px;--divider-element-spacing:10px;--divider-pattern-height:24px;--divider-pattern-size:20px;--divider-pattern-url:none;--divider-pattern-repeat:repeat-x}.elementor-widget-divider .elementor-divider{display:flex}.elementor-widget-divider .elementor-divider__text{font-size:15px;line-height:1;max-width:95%}.elementor-widget-divider .elementor-divider__element{margin:0 var(--divider-element-spacing);flex-shrink:0}.elementor-widget-divider .elementor-icon{font-size:var(--divider-icon-size)}.elementor-widget-divider .elementor-divider-separator{display:flex;margin:0;direction:ltr}.elementor-widget-divider--view-line_icon .elementor-divider-separator,.elementor-widget-divider--view-line_text .elementor-divider-separator{align-items:center}.elementor-widget-divider--view-line_icon .elementor-divider-separator:after,.elementor-widget-divider--view-line_icon .elementor-divider-separator:before,.elementor-widget-divider--view-line_text .elementor-divider-separator:after,.elementor-widget-divider--view-line_text .elementor-divider-separator:before{display:block;content:\"\";border-bottom:0;flex-grow:1;border-top:var(--divider-border-width) var(--divider-border-style) var(--divider-color)}.elementor-widget-divider--element-align-left .elementor-divider .elementor-divider-separator>.elementor-divider__svg:first-of-type{flex-grow:0;flex-shrink:100}.elementor-widget-divider--element-align-left .elementor-divider-separator:before{content:none}.elementor-widget-divider--element-align-left .elementor-divider__element{margin-left:0}.elementor-widget-divider--element-align-right .elementor-divider .elementor-divider-separator>.elementor-divider__svg:last-of-type{flex-grow:0;flex-shrink:100}.elementor-widget-divider--element-align-right .elementor-divider-separator:after{content:none}.elementor-widget-divider--element-align-right .elementor-divider__element{margin-right:0}.elementor-widget-divider:not(.elementor-widget-divider--view-line_text):not(.elementor-widget-divider--view-line_icon) .elementor-divider-separator{border-top:var(--divider-border-width) var(--divider-border-style) var(--divider-color)}.elementor-widget-divider--separator-type-pattern{--divider-border-style:none}.elementor-widget-divider--separator-type-pattern.elementor-widget-divider--view-line .elementor-divider-separator,.elementor-widget-divider--separator-type-pattern:not(.elementor-widget-divider--view-line) .elementor-divider-separator:after,.elementor-widget-divider--separator-type-pattern:not(.elementor-widget-divider--view-line) .elementor-divider-separator:before,.elementor-widget-divider--separator-type-pattern:not([class*=elementor-widget-divider--view]) .elementor-divider-separator{width:100%;min-height:var(--divider-pattern-height);-webkit-mask-size:var(--divider-pattern-size) 100%;mask-size:var(--divider-pattern-size) 100%;-webkit-mask-repeat:var(--divider-pattern-repeat);mask-repeat:var(--divider-pattern-repeat);background-color:var(--divider-color);-webkit-mask-image:var(--divider-pattern-url);mask-image:var(--divider-pattern-url)}.elementor-widget-divider--no-spacing{--divider-pattern-size:auto}.elementor-widget-divider--bg-round{--divider-pattern-repeat:round}.rtl .elementor-widget-divider .elementor-divider__text{direction:rtl}.e-con-inner>.elementor-widget-divider,.e-con>.elementor-widget-divider{width:var(--container-widget-width,100%);--flex-grow:var(--container-widget-flex-grow)}<\/style>\t\t<div class=\"elementor-divider\">\n\t\t\t<span class=\"elementor-divider-separator\">\n\t\t\t\t\t\t<\/span>\n\t\t<\/div>\n\t\t\t\t<\/div>\n\t\t\t\t<\/div>\n\t\t\t\t<div class=\"elementor-element elementor-element-39a3373 elementor-widget__width-auto elementor-widget elementor-widget-button\" data-id=\"39a3373\" data-element_type=\"widget\" data-widget_type=\"button.default\">\n\t\t\t\t<div class=\"elementor-widget-container\">\n\t\t\t\t\t<div class=\"elementor-button-wrapper\">\n\t\t\t<a class=\"elementor-button elementor-button-link elementor-size-sm elementor-animation-float\" href=\"https:\/\/drselengagurmen.com\/en\/contact\/\">\n\t\t\t\t\t\t<span class=\"elementor-button-content-wrapper\">\n\t\t\t\t\t\t<span class=\"elementor-button-text\">Contact Us<\/span>\n\t\t<\/span>\n\t\t\t\t\t<\/a>\n\t\t<\/div>\n\t\t\t\t<\/div>\n\t\t\t\t<\/div>\n\t\t\t\t\t<\/div>\n\t\t<\/div>\n\t\t\t\t\t\t\t<\/div>\n\t\t<\/section>\n\t\t\t\t\t\t\t<\/div>","protected":false},"excerpt":{"rendered":"<p>KURUCUMUZ HAKKINDA Dr. Selenga G\u00fcrmen DR. SELENGA G\u00dcRMEN &#8211; CV Dr. \u00d6\u011fretim \u00dcyesi Selenga G\u00fcrmen, lisans e\u011fitimini Bo\u011fazi\u00e7i \u00dcniversitesi Psikoloji b\u00f6l\u00fcm\u00fcnde b\u00f6l\u00fcm birincisi olarak tamamlad\u0131 (2010). Evlilik ve Aile Terapisi y\u00fcksek lisans\u0131n\u0131 Amerika\u2019da University of Connecticut\u2019ta 2012 y\u0131l\u0131nda tamamlad\u0131. 2015 y\u0131l\u0131n\u0131n May\u0131s ay\u0131nda ayn\u0131 uzmanl\u0131k alan\u0131nda doktoras\u0131n\u0131 bitirdi. Hem Psikoloji lisans program\u0131nda hem de \u00c7ift [&hellip;]<\/p>","protected":false},"author":1,"featured_media":0,"parent":0,"menu_order":0,"comment_status":"closed","ping_status":"closed","template":"","meta":{"_acf_changed":false,"footnotes":""},"class_list":["post-4413","page","type-page","status-publish","hentry"],"acf":[],"yoast_head":"<!-- This site is optimized with the Yoast SEO plugin v25.0 - https:\/\/yoast.com\/wordpress\/plugins\/seo\/ -->\n<title>Kurucumuz - Dr. Selenga G\u00fcrmen: Psikoloji E\u011fitimleri - Terapi E\u011fitimleri<\/title>\n<meta name=\"robots\" content=\"index, follow, max-snippet:-1, max-image-preview:large, max-video-preview:-1\" \/>\n<link rel=\"canonical\" href=\"https:\/\/drselengagurmen.com\/en\/our-founder\/\" \/>\n<meta property=\"og:locale\" content=\"en_US\" \/>\n<meta property=\"og:type\" content=\"article\" \/>\n<meta property=\"og:title\" content=\"Kurucumuz - Dr. Selenga G\u00fcrmen: Psikoloji E\u011fitimleri - Terapi E\u011fitimleri\" \/>\n<meta property=\"og:description\" content=\"KURUCUMUZ HAKKINDA Dr. Selenga G\u00fcrmen DR. SELENGA G\u00dcRMEN &#8211; CV Dr. \u00d6\u011fretim \u00dcyesi Selenga G\u00fcrmen, lisans e\u011fitimini Bo\u011fazi\u00e7i \u00dcniversitesi Psikoloji b\u00f6l\u00fcm\u00fcnde b\u00f6l\u00fcm birincisi olarak tamamlad\u0131 (2010). Evlilik ve Aile Terapisi y\u00fcksek lisans\u0131n\u0131 Amerika\u2019da University of Connecticut\u2019ta 2012 y\u0131l\u0131nda tamamlad\u0131. 2015 y\u0131l\u0131n\u0131n May\u0131s ay\u0131nda ayn\u0131 uzmanl\u0131k alan\u0131nda doktoras\u0131n\u0131 bitirdi. Hem Psikoloji lisans program\u0131nda hem de \u00c7ift [&hellip;]\" \/>\n<meta property=\"og:url\" content=\"https:\/\/drselengagurmen.com\/en\/our-founder\/\" \/>\n<meta property=\"og:site_name\" content=\"Dr. Selenga G\u00fcrmen: Psikoloji E\u011fitimleri - Terapi E\u011fitimleri\" \/>\n<meta property=\"article:modified_time\" content=\"2025-06-30T08:15:55+00:00\" \/>\n<meta property=\"og:image\" content=\"https:\/\/drselengagurmen.com\/wp-content\/uploads\/2023\/03\/dr-selenga-gurmen-5.jpg\" \/>\n\t<meta property=\"og:image:width\" content=\"1600\" \/>\n\t<meta property=\"og:image:height\" content=\"899\" \/>\n\t<meta property=\"og:image:type\" content=\"image\/jpeg\" \/>\n<meta name=\"twitter:card\" content=\"summary_large_image\" \/>\n<meta name=\"twitter:label1\" content=\"Est. reading time\" \/>\n\t<meta name=\"twitter:data1\" content=\"2 minutes\" \/>\n<script type=\"application\/ld+json\" class=\"yoast-schema-graph\">{\"@context\":\"https:\/\/schema.org\",\"@graph\":[{\"@type\":\"WebPage\",\"@id\":\"https:\/\/drselengagurmen.com\/kurucumuz\/\",\"url\":\"https:\/\/drselengagurmen.com\/kurucumuz\/\",\"name\":\"Kurucumuz - Dr. Selenga G\u00fcrmen: Psikoloji E\u011fitimleri - Terapi E\u011fitimleri\",\"isPartOf\":{\"@id\":\"https:\/\/drselengagurmen.com\/#website\"},\"primaryImageOfPage\":{\"@id\":\"https:\/\/drselengagurmen.com\/kurucumuz\/#primaryimage\"},\"image\":{\"@id\":\"https:\/\/drselengagurmen.com\/kurucumuz\/#primaryimage\"},\"thumbnailUrl\":\"https:\/\/drselengagurmen.com\/wp-content\/uploads\/2023\/03\/dr-selenga-gurmen-5.jpg\",\"datePublished\":\"2025-05-02T06:38:44+00:00\",\"dateModified\":\"2025-06-30T08:15:55+00:00\",\"breadcrumb\":{\"@id\":\"https:\/\/drselengagurmen.com\/kurucumuz\/#breadcrumb\"},\"inLanguage\":\"en-US\",\"potentialAction\":[{\"@type\":\"ReadAction\",\"target\":[\"https:\/\/drselengagurmen.com\/kurucumuz\/\"]}]},{\"@type\":\"ImageObject\",\"inLanguage\":\"en-US\",\"@id\":\"https:\/\/drselengagurmen.com\/kurucumuz\/#primaryimage\",\"url\":\"https:\/\/drselengagurmen.com\/wp-content\/uploads\/2023\/03\/dr-selenga-gurmen-5.jpg\",\"contentUrl\":\"https:\/\/drselengagurmen.com\/wp-content\/uploads\/2023\/03\/dr-selenga-gurmen-5.jpg\"},{\"@type\":\"BreadcrumbList\",\"@id\":\"https:\/\/drselengagurmen.com\/kurucumuz\/#breadcrumb\",\"itemListElement\":[{\"@type\":\"ListItem\",\"position\":1,\"name\":\"Anasayfa\",\"item\":\"https:\/\/drselengagurmen.com\/\"},{\"@type\":\"ListItem\",\"position\":2,\"name\":\"Kurucumuz\"}]},{\"@type\":\"WebSite\",\"@id\":\"https:\/\/drselengagurmen.com\/#website\",\"url\":\"https:\/\/drselengagurmen.com\/\",\"name\":\"Dr. Selenga G\u00fcrmen: Psikoloji E\u011fitimleri - Terapi E\u011fitimleri\",\"description\":\"Psikoterapistler, psikoterapi e\u011fitimi alm\u0131\u015f ruh sa\u011fl\u0131\u011f\u0131 alan\u0131nda \u00e7al\u0131\u015fan uzmanlard\u0131r.\",\"potentialAction\":[{\"@type\":\"SearchAction\",\"target\":{\"@type\":\"EntryPoint\",\"urlTemplate\":\"https:\/\/drselengagurmen.com\/?s={search_term_string}\"},\"query-input\":{\"@type\":\"PropertyValueSpecification\",\"valueRequired\":true,\"valueName\":\"search_term_string\"}}],\"inLanguage\":\"en-US\"}]}<\/script>\n<!-- \/ Yoast SEO plugin. -->","yoast_head_json":{"title":"Kurucumuz - Dr. Selenga G\u00fcrmen: Psikoloji E\u011fitimleri - Terapi E\u011fitimleri","robots":{"index":"index","follow":"follow","max-snippet":"max-snippet:-1","max-image-preview":"max-image-preview:large","max-video-preview":"max-video-preview:-1"},"canonical":"https:\/\/drselengagurmen.com\/en\/our-founder\/","og_locale":"en_US","og_type":"article","og_title":"Kurucumuz - Dr. Selenga G\u00fcrmen: Psikoloji E\u011fitimleri - Terapi E\u011fitimleri","og_description":"KURUCUMUZ HAKKINDA Dr. Selenga G\u00fcrmen DR. SELENGA G\u00dcRMEN &#8211; CV Dr. \u00d6\u011fretim \u00dcyesi Selenga G\u00fcrmen, lisans e\u011fitimini Bo\u011fazi\u00e7i \u00dcniversitesi Psikoloji b\u00f6l\u00fcm\u00fcnde b\u00f6l\u00fcm birincisi olarak tamamlad\u0131 (2010). Evlilik ve Aile Terapisi y\u00fcksek lisans\u0131n\u0131 Amerika\u2019da University of Connecticut\u2019ta 2012 y\u0131l\u0131nda tamamlad\u0131. 2015 y\u0131l\u0131n\u0131n May\u0131s ay\u0131nda ayn\u0131 uzmanl\u0131k alan\u0131nda doktoras\u0131n\u0131 bitirdi. Hem Psikoloji lisans program\u0131nda hem de \u00c7ift [&hellip;]","og_url":"https:\/\/drselengagurmen.com\/en\/our-founder\/","og_site_name":"Dr. Selenga G\u00fcrmen: Psikoloji E\u011fitimleri - Terapi E\u011fitimleri","article_modified_time":"2025-06-30T08:15:55+00:00","og_image":[{"width":1600,"height":899,"url":"https:\/\/drselengagurmen.com\/wp-content\/uploads\/2023\/03\/dr-selenga-gurmen-5.jpg","type":"image\/jpeg"}],"twitter_card":"summary_large_image","twitter_misc":{"Est. reading time":"2 minutes"},"schema":{"@context":"https:\/\/schema.org","@graph":[{"@type":"WebPage","@id":"https:\/\/drselengagurmen.com\/kurucumuz\/","url":"https:\/\/drselengagurmen.com\/kurucumuz\/","name":"Kurucumuz - Dr. Selenga G\u00fcrmen: Psikoloji E\u011fitimleri - Terapi E\u011fitimleri","isPartOf":{"@id":"https:\/\/drselengagurmen.com\/#website"},"primaryImageOfPage":{"@id":"https:\/\/drselengagurmen.com\/kurucumuz\/#primaryimage"},"image":{"@id":"https:\/\/drselengagurmen.com\/kurucumuz\/#primaryimage"},"thumbnailUrl":"https:\/\/drselengagurmen.com\/wp-content\/uploads\/2023\/03\/dr-selenga-gurmen-5.jpg","datePublished":"2025-05-02T06:38:44+00:00","dateModified":"2025-06-30T08:15:55+00:00","breadcrumb":{"@id":"https:\/\/drselengagurmen.com\/kurucumuz\/#breadcrumb"},"inLanguage":"en-US","potentialAction":[{"@type":"ReadAction","target":["https:\/\/drselengagurmen.com\/kurucumuz\/"]}]},{"@type":"ImageObject","inLanguage":"en-US","@id":"https:\/\/drselengagurmen.com\/kurucumuz\/#primaryimage","url":"https:\/\/drselengagurmen.com\/wp-content\/uploads\/2023\/03\/dr-selenga-gurmen-5.jpg","contentUrl":"https:\/\/drselengagurmen.com\/wp-content\/uploads\/2023\/03\/dr-selenga-gurmen-5.jpg"},{"@type":"BreadcrumbList","@id":"https:\/\/drselengagurmen.com\/kurucumuz\/#breadcrumb","itemListElement":[{"@type":"ListItem","position":1,"name":"Anasayfa","item":"https:\/\/drselengagurmen.com\/"},{"@type":"ListItem","position":2,"name":"Kurucumuz"}]},{"@type":"WebSite","@id":"https:\/\/drselengagurmen.com\/#website","url":"https:\/\/drselengagurmen.com\/","name":"Dr. Selenga G\u00fcrmen: Psikoloji E\u011fitimleri - Terapi E\u011fitimleri","description":"Psikoterapistler, psikoterapi e\u011fitimi alm\u0131\u015f ruh sa\u011fl\u0131\u011f\u0131 alan\u0131nda \u00e7al\u0131\u015fan uzmanlard\u0131r.","potentialAction":[{"@type":"SearchAction","target":{"@type":"EntryPoint","urlTemplate":"https:\/\/drselengagurmen.com\/?s={search_term_string}"},"query-input":{"@type":"PropertyValueSpecification","valueRequired":true,"valueName":"search_term_string"}}],"inLanguage":"en-US"}]}},"_links":{"self":[{"href":"https:\/\/drselengagurmen.com\/en\/wp-json\/wp\/v2\/pages\/4413","targetHints":{"allow":["GET"]}}],"collection":[{"href":"https:\/\/drselengagurmen.com\/en\/wp-json\/wp\/v2\/pages"}],"about":[{"href":"https:\/\/drselengagurmen.com\/en\/wp-json\/wp\/v2\/types\/page"}],"author":[{"embeddable":true,"href":"https:\/\/drselengagurmen.com\/en\/wp-json\/wp\/v2\/users\/1"}],"replies":[{"embeddable":true,"href":"https:\/\/drselengagurmen.com\/en\/wp-json\/wp\/v2\/comments?post=4413"}],"version-history":[{"count":0,"href":"https:\/\/drselengagurmen.com\/en\/wp-json\/wp\/v2\/pages\/4413\/revisions"}],"wp:attachment":[{"href":"https:\/\/drselengagurmen.com\/en\/wp-json\/wp\/v2\/media?parent=4413"}],"curies":[{"name":"wp","href":"https:\/\/api.w.org\/{rel}","templated":true}]}}