{"id":3548,"date":"2023-07-21T11:19:30","date_gmt":"2023-07-21T11:19:30","guid":{"rendered":"https:\/\/drselengagurmen.com\/?page_id=3548"},"modified":"2025-05-05T06:50:40","modified_gmt":"2025-05-05T06:50:40","slug":"yuksek-lisans-calisma-grubu","status":"publish","type":"page","link":"https:\/\/drselengagurmen.com\/en\/yuksek-lisans-calisma-grubu\/","title":{"rendered":"Graduate Program Preparations Study Group"},"content":{"rendered":"<div data-elementor-type=\"wp-page\" data-elementor-id=\"3548\" class=\"elementor elementor-3548\">\n\t\t\t\t\t\t\t\t\t<section class=\"elementor-section elementor-top-section elementor-element elementor-element-5ddb90d elementor-section-boxed elementor-section-height-default elementor-section-height-default\" data-id=\"5ddb90d\" data-element_type=\"section\" data-settings=\"{&quot;background_background&quot;:&quot;classic&quot;}\">\n\t\t\t\t\t\t\t<div class=\"elementor-background-overlay\"><\/div>\n\t\t\t\t\t\t\t<div class=\"elementor-container elementor-column-gap-default\">\n\t\t\t\t\t<div class=\"elementor-column elementor-col-100 elementor-top-column elementor-element elementor-element-f67fcab\" data-id=\"f67fcab\" data-element_type=\"column\">\n\t\t\t<div class=\"elementor-widget-wrap elementor-element-populated\">\n\t\t\t\t\t\t\t\t<div class=\"elementor-element elementor-element-804a0a5 elementor-icon-list--layout-inline elementor-list-item-link-full_width elementor-widget elementor-widget-icon-list\" data-id=\"804a0a5\" data-element_type=\"widget\" data-widget_type=\"icon-list.default\">\n\t\t\t\t<div class=\"elementor-widget-container\">\n\t\t\t<link rel=\"stylesheet\" href=\"https:\/\/drselengagurmen.com\/wp-content\/plugins\/elementor\/assets\/css\/widget-icon-list.min.css\">\t\t<ul class=\"elementor-icon-list-items elementor-inline-items\">\n\t\t\t\t\t\t\t<li class=\"elementor-icon-list-item elementor-inline-item\">\n\t\t\t\t\t\t\t\t\t\t\t<a href=\"https:\/\/drselengagurmen.com\/en\">\n\n\t\t\t\t\t\t\t\t\t\t\t<span class=\"elementor-icon-list-text\">Home Page<\/span>\n\t\t\t\t\t\t\t\t\t\t\t<\/a>\n\t\t\t\t\t\t\t\t\t<\/li>\n\t\t\t\t\t\t\t\t<li class=\"elementor-icon-list-item elementor-inline-item\">\n\t\t\t\t\t\t\t\t\t\t\t<a href=\"https:\/\/drselengagurmen.com\/en\/expert-workshops\/\">\n\n\t\t\t\t\t\t\t\t\t\t\t\t<span class=\"elementor-icon-list-icon\">\n\t\t\t\t\t\t\t<i aria-hidden=\"true\" class=\"fas fa-caret-right\"><\/i>\t\t\t\t\t\t<\/span>\n\t\t\t\t\t\t\t\t\t\t<span class=\"elementor-icon-list-text\">Expert Workshops<\/span>\n\t\t\t\t\t\t\t\t\t\t\t<\/a>\n\t\t\t\t\t\t\t\t\t<\/li>\n\t\t\t\t\t\t\t\t<li class=\"elementor-icon-list-item elementor-inline-item\">\n\t\t\t\t\t\t\t\t\t\t<span class=\"elementor-icon-list-text\">Graduate Program Preparations Study Group<\/span>\n\t\t\t\t\t\t\t\t\t<\/li>\n\t\t\t\t\t\t<\/ul>\n\t\t\t\t<\/div>\n\t\t\t\t<\/div>\n\t\t\t\t<div class=\"elementor-element elementor-element-bd81ddf elementor-widget elementor-widget-heading\" data-id=\"bd81ddf\" data-element_type=\"widget\" data-widget_type=\"heading.default\">\n\t\t\t\t<div class=\"elementor-widget-container\">\n\t\t\t<style>\/*! elementor - v3.15.0 - 31-07-2023 *\/\n.elementor-heading-title{padding:0;margin:0;line-height:1}.elementor-widget-heading .elementor-heading-title[class*=elementor-size-]>a{color:inherit;font-size:inherit;line-height:inherit}.elementor-widget-heading .elementor-heading-title.elementor-size-small{font-size:15px}.elementor-widget-heading .elementor-heading-title.elementor-size-medium{font-size:19px}.elementor-widget-heading .elementor-heading-title.elementor-size-large{font-size:29px}.elementor-widget-heading .elementor-heading-title.elementor-size-xl{font-size:39px}.elementor-widget-heading .elementor-heading-title.elementor-size-xxl{font-size:59px}<\/style><h2 class=\"elementor-heading-title elementor-size-default\">Graduate Program Preparations Study Group<\/h2>\t\t<\/div>\n\t\t\t\t<\/div>\n\t\t\t\t\t<\/div>\n\t\t<\/div>\n\t\t\t\t\t\t\t<\/div>\n\t\t<\/section>\n\t\t\t\t<section class=\"elementor-section elementor-top-section elementor-element elementor-element-44c7594 elementor-section-boxed elementor-section-height-default elementor-section-height-default\" data-id=\"44c7594\" data-element_type=\"section\">\n\t\t\t\t\t\t<div class=\"elementor-container elementor-column-gap-no\">\n\t\t\t\t\t<div class=\"elementor-column elementor-col-100 elementor-top-column elementor-element elementor-element-4d25482\" data-id=\"4d25482\" data-element_type=\"column\">\n\t\t\t<div class=\"elementor-widget-wrap elementor-element-populated\">\n\t\t\t\t\t\t\t\t<section class=\"elementor-section elementor-inner-section elementor-element elementor-element-00b9354 elementor-section-full_width elementor-section-height-default elementor-section-height-default\" data-id=\"00b9354\" data-element_type=\"section\">\n\t\t\t\t\t\t<div class=\"elementor-container elementor-column-gap-default\">\n\t\t\t\t\t<div class=\"elementor-column elementor-col-33 elementor-inner-column elementor-element elementor-element-387271c\" data-id=\"387271c\" data-element_type=\"column\">\n\t\t\t<div class=\"elementor-widget-wrap\">\n\t\t\t\t\t\t\t\t\t<\/div>\n\t\t<\/div>\n\t\t\t\t<div class=\"elementor-column elementor-col-33 elementor-inner-column elementor-element elementor-element-10679cb\" data-id=\"10679cb\" data-element_type=\"column\">\n\t\t\t<div class=\"elementor-widget-wrap elementor-element-populated\">\n\t\t\t\t\t\t\t\t<div class=\"elementor-element elementor-element-8d3ebc6 elementor-widget elementor-widget-heading\" data-id=\"8d3ebc6\" data-element_type=\"widget\" data-widget_type=\"heading.default\">\n\t\t\t\t<div class=\"elementor-widget-container\">\n\t\t\t<h2 class=\"elementor-heading-title elementor-size-default\">Graduate Program Preparations Study Group<\/h2>\t\t<\/div>\n\t\t\t\t<\/div>\n\t\t\t\t<div class=\"elementor-element elementor-element-5586f6e elementor-widget elementor-widget-text-editor\" data-id=\"5586f6e\" data-element_type=\"widget\" data-widget_type=\"text-editor.default\">\n\t\t\t\t<div class=\"elementor-widget-container\">\n\t\t\t<style>\/*! elementor - v3.15.0 - 31-07-2023 *\/\n.elementor-widget-text-editor.elementor-drop-cap-view-stacked .elementor-drop-cap{background-color:#69727d;color:#fff}.elementor-widget-text-editor.elementor-drop-cap-view-framed .elementor-drop-cap{color:#69727d;border:3px solid;background-color:transparent}.elementor-widget-text-editor:not(.elementor-drop-cap-view-default) .elementor-drop-cap{margin-top:8px}.elementor-widget-text-editor:not(.elementor-drop-cap-view-default) .elementor-drop-cap-letter{width:1em;height:1em}.elementor-widget-text-editor .elementor-drop-cap{float:left;text-align:center;line-height:1;font-size:50px}.elementor-widget-text-editor .elementor-drop-cap-letter{display:inline-block}<\/style>\t\t\t\t<p>Applying to a master's degree is one of the most challenging aspects for many students and graduates. Our study group, which will significantly support your career and education plans, will be moderated by experienced therapists and trainers. It will include weekly discussions on 1) Master's programs and career conversations, 2) Different models of clinical psychology, 3) Developmental psychology and psychopathology, 4) Couple and Family Therapy and Family Counseling models, and 5) Current issues in the field, and ethics.<\/p><p>By the end of the program, participants are expected to:<\/p><ul><li>Expand their perspective on the field<\/li><li>Gain knowledge about the profession, master's degree processes, and the field<\/li><li>Enhance critical thinking skills<\/li><li>Develop scientific literacy skills<\/li><li>Improve skills for science exams<\/li><li>Enhance their ability to read and interpret materials related to the field. <\/li><\/ul>\t\t\t\t\t\t<\/div>\n\t\t\t\t<\/div>\n\t\t\t\t\t<\/div>\n\t\t<\/div>\n\t\t\t\t<div class=\"elementor-column elementor-col-33 elementor-inner-column elementor-element elementor-element-047da8b\" data-id=\"047da8b\" data-element_type=\"column\">\n\t\t\t<div class=\"elementor-widget-wrap elementor-element-populated\">\n\t\t\t\t\t\t\t\t<section class=\"elementor-section elementor-inner-section elementor-element elementor-element-a371664 elementor-section-boxed elementor-section-height-default elementor-section-height-default\" data-id=\"a371664\" data-element_type=\"section\">\n\t\t\t\t\t\t<div class=\"elementor-container elementor-column-gap-no\">\n\t\t\t\t\t<div class=\"elementor-column elementor-col-100 elementor-inner-column elementor-element elementor-element-f27ecca\" data-id=\"f27ecca\" data-element_type=\"column\" data-settings=\"{&quot;background_background&quot;:&quot;gradient&quot;}\">\n\t\t\t<div class=\"elementor-widget-wrap elementor-element-populated\">\n\t\t\t\t\t\t\t\t<div class=\"elementor-element elementor-element-31ee6ac elementor-align-justify elementor-widget elementor-widget-button\" data-id=\"31ee6ac\" data-element_type=\"widget\" data-widget_type=\"button.default\">\n\t\t\t\t<div class=\"elementor-widget-container\">\n\t\t\t\t\t<div class=\"elementor-button-wrapper\">\n\t\t\t<a class=\"elementor-button elementor-button-link elementor-size-sm\" href=\"https:\/\/drselengagurmen.com\/en\/contact\/\">\n\t\t\t\t\t\t<span class=\"elementor-button-content-wrapper\">\n\t\t\t\t\t\t<span class=\"elementor-button-text\">Contact Us<\/span>\n\t\t<\/span>\n\t\t\t\t\t<\/a>\n\t\t<\/div>\n\t\t\t\t<\/div>\n\t\t\t\t<\/div>\n\t\t\t\t\t<\/div>\n\t\t<\/div>\n\t\t\t\t\t\t\t<\/div>\n\t\t<\/section>\n\t\t\t\t\t<\/div>\n\t\t<\/div>\n\t\t\t\t\t\t\t<\/div>\n\t\t<\/section>\n\t\t\t\t\t<\/div>\n\t\t<\/div>\n\t\t\t\t\t\t\t<\/div>\n\t\t<\/section>\n\t\t\t\t\t\t\t<\/div>","protected":false},"excerpt":{"rendered":"<p>Ana Sayfa Uzman At\u00f6lyeleri Y\u00fcksek Lisans \u00c7al\u0131\u015fma Grubu Y\u00fcksek Lisans \u00c7al\u0131\u015fma Grubu Y\u00fcksek Lisans \u00c7al\u0131\u015fma Grubu Y\u00fcksek lisans ba\u015fvuru s\u00fcreci bir\u00e7ok \u00f6\u011frencinin ya da mezunun zorland\u0131\u011f\u0131 konulardan bir tanesidir. Kariyer ve e\u011fitim planlar\u0131n\u0131za \u00f6nemli bir katk\u0131 sa\u011flayacak \u00e7al\u0131\u015fma grubumuz deneyimli terapistler ve e\u011fitmenler taraf\u0131ndan modere edilmektedir. Bilim s\u0131navlar\u0131na daha iyi haz\u0131rlanman\u0131z\u0131 sa\u011flayacak program\u0131n i\u00e7inde 1) [&hellip;]<\/p>","protected":false},"author":1,"featured_media":0,"parent":0,"menu_order":0,"comment_status":"closed","ping_status":"closed","template":"","meta":{"_acf_changed":false,"footnotes":""},"class_list":["post-3548","page","type-page","status-publish","hentry"],"acf":[],"yoast_head":"<!-- This site is optimized with the Yoast SEO plugin v25.0 - https:\/\/yoast.com\/wordpress\/plugins\/seo\/ -->\n<title>Y\u00fcksek Lisans \u00c7al\u0131\u015fma Grubu - Dr. Selenga G\u00fcrmen: Psikoloji E\u011fitimleri - Terapi E\u011fitimleri<\/title>\n<meta name=\"robots\" content=\"index, follow, max-snippet:-1, max-image-preview:large, max-video-preview:-1\" \/>\n<link rel=\"canonical\" href=\"https:\/\/drselengagurmen.com\/en\/yuksek-lisans-calisma-grubu\/\" \/>\n<meta property=\"og:locale\" content=\"en_US\" \/>\n<meta property=\"og:type\" content=\"article\" \/>\n<meta property=\"og:title\" content=\"Y\u00fcksek Lisans \u00c7al\u0131\u015fma Grubu - Dr. Selenga G\u00fcrmen: Psikoloji E\u011fitimleri - Terapi E\u011fitimleri\" \/>\n<meta property=\"og:description\" content=\"Ana Sayfa Uzman At\u00f6lyeleri Y\u00fcksek Lisans \u00c7al\u0131\u015fma Grubu Y\u00fcksek Lisans \u00c7al\u0131\u015fma Grubu Y\u00fcksek Lisans \u00c7al\u0131\u015fma Grubu Y\u00fcksek lisans ba\u015fvuru s\u00fcreci bir\u00e7ok \u00f6\u011frencinin ya da mezunun zorland\u0131\u011f\u0131 konulardan bir tanesidir. Kariyer ve e\u011fitim planlar\u0131n\u0131za \u00f6nemli bir katk\u0131 sa\u011flayacak \u00e7al\u0131\u015fma grubumuz deneyimli terapistler ve e\u011fitmenler taraf\u0131ndan modere edilmektedir. Bilim s\u0131navlar\u0131na daha iyi haz\u0131rlanman\u0131z\u0131 sa\u011flayacak program\u0131n i\u00e7inde 1) [&hellip;]\" \/>\n<meta property=\"og:url\" content=\"https:\/\/drselengagurmen.com\/en\/yuksek-lisans-calisma-grubu\/\" \/>\n<meta property=\"og:site_name\" content=\"Dr. Selenga G\u00fcrmen: Psikoloji E\u011fitimleri - Terapi E\u011fitimleri\" \/>\n<meta property=\"article:modified_time\" content=\"2025-05-05T06:50:40+00:00\" \/>\n<meta name=\"twitter:card\" content=\"summary_large_image\" \/>\n<meta name=\"twitter:label1\" content=\"Est. reading time\" \/>\n\t<meta name=\"twitter:data1\" content=\"1 minute\" \/>\n<script type=\"application\/ld+json\" class=\"yoast-schema-graph\">{\"@context\":\"https:\/\/schema.org\",\"@graph\":[{\"@type\":\"WebPage\",\"@id\":\"https:\/\/drselengagurmen.com\/yuksek-lisans-calisma-grubu\/\",\"url\":\"https:\/\/drselengagurmen.com\/yuksek-lisans-calisma-grubu\/\",\"name\":\"Y\u00fcksek Lisans \u00c7al\u0131\u015fma Grubu - Dr. Selenga G\u00fcrmen: Psikoloji E\u011fitimleri - Terapi E\u011fitimleri\",\"isPartOf\":{\"@id\":\"https:\/\/drselengagurmen.com\/#website\"},\"datePublished\":\"2023-07-21T11:19:30+00:00\",\"dateModified\":\"2025-05-05T06:50:40+00:00\",\"breadcrumb\":{\"@id\":\"https:\/\/drselengagurmen.com\/yuksek-lisans-calisma-grubu\/#breadcrumb\"},\"inLanguage\":\"en-US\",\"potentialAction\":[{\"@type\":\"ReadAction\",\"target\":[\"https:\/\/drselengagurmen.com\/yuksek-lisans-calisma-grubu\/\"]}]},{\"@type\":\"BreadcrumbList\",\"@id\":\"https:\/\/drselengagurmen.com\/yuksek-lisans-calisma-grubu\/#breadcrumb\",\"itemListElement\":[{\"@type\":\"ListItem\",\"position\":1,\"name\":\"Anasayfa\",\"item\":\"https:\/\/drselengagurmen.com\/\"},{\"@type\":\"ListItem\",\"position\":2,\"name\":\"Y\u00fcksek Lisans \u00c7al\u0131\u015fma Grubu\"}]},{\"@type\":\"WebSite\",\"@id\":\"https:\/\/drselengagurmen.com\/#website\",\"url\":\"https:\/\/drselengagurmen.com\/\",\"name\":\"Dr. Selenga G\u00fcrmen: Psikoloji E\u011fitimleri - Terapi E\u011fitimleri\",\"description\":\"Psikoterapistler, psikoterapi e\u011fitimi alm\u0131\u015f ruh sa\u011fl\u0131\u011f\u0131 alan\u0131nda \u00e7al\u0131\u015fan uzmanlard\u0131r.\",\"potentialAction\":[{\"@type\":\"SearchAction\",\"target\":{\"@type\":\"EntryPoint\",\"urlTemplate\":\"https:\/\/drselengagurmen.com\/?s={search_term_string}\"},\"query-input\":{\"@type\":\"PropertyValueSpecification\",\"valueRequired\":true,\"valueName\":\"search_term_string\"}}],\"inLanguage\":\"en-US\"}]}<\/script>\n<!-- \/ Yoast SEO plugin. -->","yoast_head_json":{"title":"Y\u00fcksek Lisans \u00c7al\u0131\u015fma Grubu - Dr. Selenga G\u00fcrmen: Psikoloji E\u011fitimleri - Terapi E\u011fitimleri","robots":{"index":"index","follow":"follow","max-snippet":"max-snippet:-1","max-image-preview":"max-image-preview:large","max-video-preview":"max-video-preview:-1"},"canonical":"https:\/\/drselengagurmen.com\/en\/yuksek-lisans-calisma-grubu\/","og_locale":"en_US","og_type":"article","og_title":"Y\u00fcksek Lisans \u00c7al\u0131\u015fma Grubu - Dr. Selenga G\u00fcrmen: Psikoloji E\u011fitimleri - Terapi E\u011fitimleri","og_description":"Ana Sayfa Uzman At\u00f6lyeleri Y\u00fcksek Lisans \u00c7al\u0131\u015fma Grubu Y\u00fcksek Lisans \u00c7al\u0131\u015fma Grubu Y\u00fcksek Lisans \u00c7al\u0131\u015fma Grubu Y\u00fcksek lisans ba\u015fvuru s\u00fcreci bir\u00e7ok \u00f6\u011frencinin ya da mezunun zorland\u0131\u011f\u0131 konulardan bir tanesidir. Kariyer ve e\u011fitim planlar\u0131n\u0131za \u00f6nemli bir katk\u0131 sa\u011flayacak \u00e7al\u0131\u015fma grubumuz deneyimli terapistler ve e\u011fitmenler taraf\u0131ndan modere edilmektedir. Bilim s\u0131navlar\u0131na daha iyi haz\u0131rlanman\u0131z\u0131 sa\u011flayacak program\u0131n i\u00e7inde 1) [&hellip;]","og_url":"https:\/\/drselengagurmen.com\/en\/yuksek-lisans-calisma-grubu\/","og_site_name":"Dr. Selenga G\u00fcrmen: Psikoloji E\u011fitimleri - Terapi E\u011fitimleri","article_modified_time":"2025-05-05T06:50:40+00:00","twitter_card":"summary_large_image","twitter_misc":{"Est. reading time":"1 minute"},"schema":{"@context":"https:\/\/schema.org","@graph":[{"@type":"WebPage","@id":"https:\/\/drselengagurmen.com\/yuksek-lisans-calisma-grubu\/","url":"https:\/\/drselengagurmen.com\/yuksek-lisans-calisma-grubu\/","name":"Y\u00fcksek Lisans \u00c7al\u0131\u015fma Grubu - Dr. Selenga G\u00fcrmen: Psikoloji E\u011fitimleri - Terapi E\u011fitimleri","isPartOf":{"@id":"https:\/\/drselengagurmen.com\/#website"},"datePublished":"2023-07-21T11:19:30+00:00","dateModified":"2025-05-05T06:50:40+00:00","breadcrumb":{"@id":"https:\/\/drselengagurmen.com\/yuksek-lisans-calisma-grubu\/#breadcrumb"},"inLanguage":"en-US","potentialAction":[{"@type":"ReadAction","target":["https:\/\/drselengagurmen.com\/yuksek-lisans-calisma-grubu\/"]}]},{"@type":"BreadcrumbList","@id":"https:\/\/drselengagurmen.com\/yuksek-lisans-calisma-grubu\/#breadcrumb","itemListElement":[{"@type":"ListItem","position":1,"name":"Anasayfa","item":"https:\/\/drselengagurmen.com\/"},{"@type":"ListItem","position":2,"name":"Y\u00fcksek Lisans \u00c7al\u0131\u015fma Grubu"}]},{"@type":"WebSite","@id":"https:\/\/drselengagurmen.com\/#website","url":"https:\/\/drselengagurmen.com\/","name":"Dr. Selenga G\u00fcrmen: Psikoloji E\u011fitimleri - Terapi E\u011fitimleri","description":"Psikoterapistler, psikoterapi e\u011fitimi alm\u0131\u015f ruh sa\u011fl\u0131\u011f\u0131 alan\u0131nda \u00e7al\u0131\u015fan uzmanlard\u0131r.","potentialAction":[{"@type":"SearchAction","target":{"@type":"EntryPoint","urlTemplate":"https:\/\/drselengagurmen.com\/?s={search_term_string}"},"query-input":{"@type":"PropertyValueSpecification","valueRequired":true,"valueName":"search_term_string"}}],"inLanguage":"en-US"}]}},"_links":{"self":[{"href":"https:\/\/drselengagurmen.com\/en\/wp-json\/wp\/v2\/pages\/3548","targetHints":{"allow":["GET"]}}],"collection":[{"href":"https:\/\/drselengagurmen.com\/en\/wp-json\/wp\/v2\/pages"}],"about":[{"href":"https:\/\/drselengagurmen.com\/en\/wp-json\/wp\/v2\/types\/page"}],"author":[{"embeddable":true,"href":"https:\/\/drselengagurmen.com\/en\/wp-json\/wp\/v2\/users\/1"}],"replies":[{"embeddable":true,"href":"https:\/\/drselengagurmen.com\/en\/wp-json\/wp\/v2\/comments?post=3548"}],"version-history":[{"count":0,"href":"https:\/\/drselengagurmen.com\/en\/wp-json\/wp\/v2\/pages\/3548\/revisions"}],"wp:attachment":[{"href":"https:\/\/drselengagurmen.com\/en\/wp-json\/wp\/v2\/media?parent=3548"}],"curies":[{"name":"wp","href":"https:\/\/api.w.org\/{rel}","templated":true}]}}