{"id":3250,"date":"2023-07-11T12:30:22","date_gmt":"2023-07-11T12:30:22","guid":{"rendered":"https:\/\/drselengagurmen.com\/?page_id=3250"},"modified":"2025-05-23T11:24:14","modified_gmt":"2025-05-23T11:24:14","slug":"mission-and-vision","status":"publish","type":"page","link":"https:\/\/drselengagurmen.com\/en\/mission-and-vision\/","title":{"rendered":"Mission and Vision"},"content":{"rendered":"<div data-elementor-type=\"wp-page\" data-elementor-id=\"3250\" class=\"elementor elementor-3250\">\n\t\t\t\t\t\t\t\t\t<section class=\"elementor-section elementor-top-section elementor-element elementor-element-85774df elementor-section-boxed elementor-section-height-default elementor-section-height-default\" data-id=\"85774df\" data-element_type=\"section\" data-settings=\"{&quot;background_background&quot;:&quot;classic&quot;}\">\n\t\t\t\t\t\t\t<div class=\"elementor-background-overlay\"><\/div>\n\t\t\t\t\t\t\t<div class=\"elementor-container elementor-column-gap-default\">\n\t\t\t\t\t<div class=\"elementor-column elementor-col-50 elementor-top-column elementor-element elementor-element-4d08b01\" data-id=\"4d08b01\" data-element_type=\"column\">\n\t\t\t<div class=\"elementor-widget-wrap elementor-element-populated\">\n\t\t\t\t\t\t\t\t<div class=\"elementor-element elementor-element-7c1a3c4 elementor-widget elementor-widget-breadcrumbs\" data-id=\"7c1a3c4\" data-element_type=\"widget\" data-widget_type=\"breadcrumbs.default\">\n\t\t\t\t<div class=\"elementor-widget-container\">\n\t\t\t<link rel=\"stylesheet\" href=\"https:\/\/drselengagurmen.com\/wp-content\/plugins\/elementor-pro\/assets\/css\/widget-theme-elements.min.css\"><p id=\"breadcrumbs\"><span><span><a href=\"https:\/\/drselengagurmen.com\/en\">Home Page<\/a><\/span><\/span><\/p>\t\t<\/div>\n\t\t\t\t<\/div>\n\t\t\t\t<div class=\"elementor-element elementor-element-2c09eb4 elementor-widget elementor-widget-heading\" data-id=\"2c09eb4\" data-element_type=\"widget\" data-widget_type=\"heading.default\">\n\t\t\t\t<div class=\"elementor-widget-container\">\n\t\t\t<style>\/*! elementor - v3.15.0 - 31-07-2023 *\/\n.elementor-heading-title{padding:0;margin:0;line-height:1}.elementor-widget-heading .elementor-heading-title[class*=elementor-size-]>a{color:inherit;font-size:inherit;line-height:inherit}.elementor-widget-heading .elementor-heading-title.elementor-size-small{font-size:15px}.elementor-widget-heading .elementor-heading-title.elementor-size-medium{font-size:19px}.elementor-widget-heading .elementor-heading-title.elementor-size-large{font-size:29px}.elementor-widget-heading .elementor-heading-title.elementor-size-xl{font-size:39px}.elementor-widget-heading .elementor-heading-title.elementor-size-xxl{font-size:59px}<\/style><h1 class=\"elementor-heading-title elementor-size-default\">Mission and Vision<\/h1>\t\t<\/div>\n\t\t\t\t<\/div>\n\t\t\t\t\t<\/div>\n\t\t<\/div>\n\t\t\t\t<div class=\"elementor-column elementor-col-50 elementor-top-column elementor-element elementor-element-dc1a5c6\" data-id=\"dc1a5c6\" data-element_type=\"column\">\n\t\t\t<div class=\"elementor-widget-wrap\">\n\t\t\t\t\t\t\t\t\t<\/div>\n\t\t<\/div>\n\t\t\t\t\t\t\t<\/div>\n\t\t<\/section>\n\t\t\t\t<section class=\"elementor-section elementor-top-section elementor-element elementor-element-488d8da elementor-section-boxed elementor-section-height-default elementor-section-height-default\" data-id=\"488d8da\" data-element_type=\"section\">\n\t\t\t\t\t\t<div class=\"elementor-container elementor-column-gap-no\">\n\t\t\t\t\t<div class=\"elementor-column elementor-col-100 elementor-top-column elementor-element elementor-element-c1307f2\" data-id=\"c1307f2\" data-element_type=\"column\">\n\t\t\t<div class=\"elementor-widget-wrap elementor-element-populated\">\n\t\t\t\t\t\t\t\t<section class=\"elementor-section elementor-inner-section elementor-element elementor-element-c7104c9 elementor-section-full_width elementor-section-height-default elementor-section-height-default\" data-id=\"c7104c9\" data-element_type=\"section\">\n\t\t\t\t\t\t<div class=\"elementor-container elementor-column-gap-default\">\n\t\t\t\t\t<div class=\"elementor-column elementor-col-50 elementor-inner-column elementor-element elementor-element-bd5a9d7\" data-id=\"bd5a9d7\" data-element_type=\"column\">\n\t\t\t<div class=\"elementor-widget-wrap elementor-element-populated\">\n\t\t\t\t\t\t\t\t<div class=\"elementor-element elementor-element-2eccd5e elementor-widget elementor-widget-heading\" data-id=\"2eccd5e\" data-element_type=\"widget\" data-widget_type=\"heading.default\">\n\t\t\t\t<div class=\"elementor-widget-container\">\n\t\t\t<h2 class=\"elementor-heading-title elementor-size-default\">Our Mission<\/h2>\t\t<\/div>\n\t\t\t\t<\/div>\n\t\t\t\t<div class=\"elementor-element elementor-element-8279059 elementor-widget elementor-widget-text-editor\" data-id=\"8279059\" data-element_type=\"widget\" data-widget_type=\"text-editor.default\">\n\t\t\t\t<div class=\"elementor-widget-container\">\n\t\t\t<style>\/*! elementor - v3.15.0 - 31-07-2023 *\/\n.elementor-widget-text-editor.elementor-drop-cap-view-stacked .elementor-drop-cap{background-color:#69727d;color:#fff}.elementor-widget-text-editor.elementor-drop-cap-view-framed .elementor-drop-cap{color:#69727d;border:3px solid;background-color:transparent}.elementor-widget-text-editor:not(.elementor-drop-cap-view-default) .elementor-drop-cap{margin-top:8px}.elementor-widget-text-editor:not(.elementor-drop-cap-view-default) .elementor-drop-cap-letter{width:1em;height:1em}.elementor-widget-text-editor .elementor-drop-cap{float:left;text-align:center;line-height:1;font-size:50px}.elementor-widget-text-editor .elementor-drop-cap-letter{display:inline-block}<\/style>\t\t\t\t<p><span style=\"font-weight: 400;\">We are mental health professionals who advance in the light of science, with a working principle that considers and covers the person, event, system, and relationships among them from a systemic perspective.\u00a0<\/span><\/p><p><span style=\"font-weight: 400;\">Our founding purpose is to empower the individuals, couples, families, and institutions we accompany and provide services that will give them the tools and techniques they need to achieve the desired changes.\u00a0<\/span><\/p><p><span style=\"font-weight: 400;\">In our working principle, compassionate, attentive, and sincere communication is above all approaches and techniques. Our priority is to offer our clients the latest services without being fanatical about any opinion or technique. We serve as scientist-practitioners to produce and develop research, not just consume it.\u00a0<\/span><\/p><p><span style=\"font-weight: 400;\">Kurumumuz kapsam\u0131nda verdi\u011fimiz e\u011fitimler ise kaliteli <\/span><span style=\"font-weight: 400;\">psychological counseling <\/span><span style=\"font-weight: 400;\">ve psikososyal desteklerin toplumda ve alan\u0131m\u0131zda yayg\u0131nla\u015fmas\u0131na katk\u0131 sa\u011flamaktad\u0131r.<\/span><\/p>\t\t\t\t\t\t<\/div>\n\t\t\t\t<\/div>\n\t\t\t\t<div class=\"elementor-element elementor-element-11f2a37 elementor-widget elementor-widget-heading\" data-id=\"11f2a37\" data-element_type=\"widget\" data-widget_type=\"heading.default\">\n\t\t\t\t<div class=\"elementor-widget-container\">\n\t\t\t<h2 class=\"elementor-heading-title elementor-size-default\">Our Vision<\/h2>\t\t<\/div>\n\t\t\t\t<\/div>\n\t\t\t\t<div class=\"elementor-element elementor-element-8618bf3 elementor-widget elementor-widget-text-editor\" data-id=\"8618bf3\" data-element_type=\"widget\" data-widget_type=\"text-editor.default\">\n\t\t\t\t<div class=\"elementor-widget-container\">\n\t\t\t\t\t\t\t<ul><li style=\"font-weight: 400;\" aria-level=\"1\"><span style=\"font-weight: 400;\">Science-oriented, ethical and effective education and<\/span><span style=\"font-weight: 400;\"> psychological counseling<\/span><span style=\"font-weight: 400;\"> To raise the service quality in the field to the highest standards by making its services accessible to all segments of society.<\/span><\/li><\/ul><p><span style=\"font-weight: 400;\">\u00a0<\/span><\/p><ul><li style=\"font-weight: 400;\" aria-level=\"1\"><span style=\"font-weight: 400;\">To offer a pioneering structure that contributes to improving and developing the strengths of individuals and institutions, utilizing the systemic perspective as our primary lens, staying away from pathological language and perspective.<\/span><\/li><\/ul><p><span style=\"font-weight: 400;\">\u00a0<\/span><\/p><ul><li style=\"font-weight: 400;\" aria-level=\"1\"><span style=\"font-weight: 400;\">To maximize the benefits of individuals and institutions receiving mental health and training services through interdisciplinary and inter-institutional collaborations.<\/span><\/li><\/ul><p><span style=\"font-weight: 400;\">\u00a0<\/span><\/p><ul><li style=\"font-weight: 400;\" aria-level=\"1\"><span style=\"font-weight: 400;\">To ensure that individuals and institutions in Turkey and around the world have access to high-quality services through both our physical and online centers.<\/span><\/li><\/ul>\t\t\t\t\t\t<\/div>\n\t\t\t\t<\/div>\n\t\t\t\t<div class=\"elementor-element elementor-element-451dcb5 elementor-widget elementor-widget-heading\" data-id=\"451dcb5\" data-element_type=\"widget\" data-widget_type=\"heading.default\">\n\t\t\t\t<div class=\"elementor-widget-container\">\n\t\t\t<h2 class=\"elementor-heading-title elementor-size-default\">Our Values<\/h2>\t\t<\/div>\n\t\t\t\t<\/div>\n\t\t\t\t<div class=\"elementor-element elementor-element-723388f elementor-widget elementor-widget-text-editor\" data-id=\"723388f\" data-element_type=\"widget\" data-widget_type=\"text-editor.default\">\n\t\t\t\t<div class=\"elementor-widget-container\">\n\t\t\t\t\t\t\t<ul><li style=\"font-weight: 400;\" aria-level=\"1\"><span style=\"font-weight: 400;\">Ethics<\/span><\/li><li style=\"font-weight: 400;\" aria-level=\"1\"><span style=\"font-weight: 400;\">Honesty<\/span><\/li><li style=\"font-weight: 400;\" aria-level=\"1\"><span style=\"font-weight: 400;\">Humane relationship<\/span><\/li><li style=\"font-weight: 400;\" aria-level=\"1\"><span style=\"font-weight: 400;\">Respectful communication<\/span><\/li><li style=\"font-weight: 400;\" aria-level=\"1\"><span style=\"font-weight: 400;\">Research and scientific focus<\/span><\/li><li style=\"font-weight: 400;\" aria-level=\"1\"><span style=\"font-weight: 400;\">Sincerity<\/span><\/li><li style=\"font-weight: 400;\" aria-level=\"1\"><span style=\"font-weight: 400;\">Compassion<\/span><\/li><li style=\"font-weight: 400;\" aria-level=\"1\"><span style=\"font-weight: 400;\">Safe Space<\/span><\/li><li style=\"font-weight: 400;\" aria-level=\"1\"><span style=\"font-weight: 400;\">Empathy<\/span><\/li><li style=\"font-weight: 400;\" aria-level=\"1\"><span style=\"font-weight: 400;\">Inclusivity<\/span><\/li><li style=\"font-weight: 400;\" aria-level=\"1\"><span style=\"font-weight: 400;\">Avoiding pathological language, emphasizing strengths<\/span><\/li><\/ul>\t\t\t\t\t\t<\/div>\n\t\t\t\t<\/div>\n\t\t\t\t\t<\/div>\n\t\t<\/div>\n\t\t\t\t<div class=\"elementor-column elementor-col-50 elementor-inner-column elementor-element elementor-element-ed22f68\" data-id=\"ed22f68\" data-element_type=\"column\">\n\t\t\t<div class=\"elementor-widget-wrap elementor-element-populated\">\n\t\t\t\t\t\t\t\t<section class=\"elementor-section elementor-inner-section elementor-element elementor-element-0cf62ec elementor-section-boxed elementor-section-height-default elementor-section-height-default\" data-id=\"0cf62ec\" data-element_type=\"section\">\n\t\t\t\t\t\t<div class=\"elementor-container elementor-column-gap-no\">\n\t\t\t\t\t<div class=\"elementor-column elementor-col-100 elementor-inner-column elementor-element elementor-element-9c345cf\" data-id=\"9c345cf\" data-element_type=\"column\" data-settings=\"{&quot;background_background&quot;:&quot;gradient&quot;}\">\n\t\t\t<div class=\"elementor-widget-wrap elementor-element-populated\">\n\t\t\t\t\t\t\t\t<div class=\"elementor-element elementor-element-3f0b715 elementor-align-justify elementor-widget elementor-widget-button\" data-id=\"3f0b715\" data-element_type=\"widget\" data-widget_type=\"button.default\">\n\t\t\t\t<div class=\"elementor-widget-container\">\n\t\t\t\t\t<div class=\"elementor-button-wrapper\">\n\t\t\t<a class=\"elementor-button elementor-button-link elementor-size-sm\" href=\"https:\/\/drselengagurmen.com\/en\/contact\/\">\n\t\t\t\t\t\t<span class=\"elementor-button-content-wrapper\">\n\t\t\t\t\t\t<span class=\"elementor-button-text\">Contact Us<\/span>\n\t\t<\/span>\n\t\t\t\t\t<\/a>\n\t\t<\/div>\n\t\t\t\t<\/div>\n\t\t\t\t<\/div>\n\t\t\t\t\t<\/div>\n\t\t<\/div>\n\t\t\t\t\t\t\t<\/div>\n\t\t<\/section>\n\t\t\t\t\t<\/div>\n\t\t<\/div>\n\t\t\t\t\t\t\t<\/div>\n\t\t<\/section>\n\t\t\t\t\t<\/div>\n\t\t<\/div>\n\t\t\t\t\t\t\t<\/div>\n\t\t<\/section>\n\t\t\t\t\t\t\t<\/div>","protected":false},"excerpt":{"rendered":"<p>Misyon ve Vizyon Misyonumuz Sistemik bak\u0131\u015f a\u00e7\u0131s\u0131yla sadece mevcut ki\u015fi, olay ya da sistemi de\u011fil onlar\u0131n aras\u0131ndaki ili\u015fkileri de g\u00f6zeten, kapsayan bir \u00e7al\u0131\u015fma prensibiyle, bilimin \u0131\u015f\u0131\u011f\u0131nda ilerleyen ruh sa\u011fl\u0131\u011f\u0131 \u00e7al\u0131\u015fanlar\u0131y\u0131z.\u00a0 Kurulu\u015f amac\u0131m\u0131z e\u015flik etti\u011fimiz ki\u015fi, \u00e7ift, aile ve kurumlar\u0131 g\u00fc\u00e7lendirerek hayatlar\u0131nda istedikleri de\u011fi\u015fimleri elde edebilmeleri i\u00e7in gereken ara\u00e7 ve teknikleri onlara sunabilecek hizmetler vermektir.\u00a0 Bizim [&hellip;]<\/p>","protected":false},"author":1,"featured_media":0,"parent":0,"menu_order":0,"comment_status":"closed","ping_status":"closed","template":"","meta":{"_acf_changed":false,"footnotes":""},"class_list":["post-3250","page","type-page","status-publish","hentry"],"acf":[],"yoast_head":"<!-- This site is optimized with the Yoast SEO plugin v25.0 - https:\/\/yoast.com\/wordpress\/plugins\/seo\/ -->\n<title>Misyon ve Vizyon - Dr. Selenga G\u00fcrmen: Psikoloji E\u011fitimleri - Terapi E\u011fitimleri<\/title>\n<meta name=\"robots\" content=\"index, follow, max-snippet:-1, max-image-preview:large, max-video-preview:-1\" \/>\n<link rel=\"canonical\" href=\"https:\/\/drselengagurmen.com\/en\/mission-and-vision\/\" \/>\n<meta property=\"og:locale\" content=\"en_US\" \/>\n<meta property=\"og:type\" content=\"article\" \/>\n<meta property=\"og:title\" content=\"Misyon ve Vizyon - Dr. Selenga G\u00fcrmen: Psikoloji E\u011fitimleri - Terapi E\u011fitimleri\" \/>\n<meta property=\"og:description\" content=\"Misyon ve Vizyon Misyonumuz Sistemik bak\u0131\u015f a\u00e7\u0131s\u0131yla sadece mevcut ki\u015fi, olay ya da sistemi de\u011fil onlar\u0131n aras\u0131ndaki ili\u015fkileri de g\u00f6zeten, kapsayan bir \u00e7al\u0131\u015fma prensibiyle, bilimin \u0131\u015f\u0131\u011f\u0131nda ilerleyen ruh sa\u011fl\u0131\u011f\u0131 \u00e7al\u0131\u015fanlar\u0131y\u0131z.\u00a0 Kurulu\u015f amac\u0131m\u0131z e\u015flik etti\u011fimiz ki\u015fi, \u00e7ift, aile ve kurumlar\u0131 g\u00fc\u00e7lendirerek hayatlar\u0131nda istedikleri de\u011fi\u015fimleri elde edebilmeleri i\u00e7in gereken ara\u00e7 ve teknikleri onlara sunabilecek hizmetler vermektir.\u00a0 Bizim [&hellip;]\" \/>\n<meta property=\"og:url\" content=\"https:\/\/drselengagurmen.com\/en\/mission-and-vision\/\" \/>\n<meta property=\"og:site_name\" content=\"Dr. Selenga G\u00fcrmen: Psikoloji E\u011fitimleri - Terapi E\u011fitimleri\" \/>\n<meta property=\"article:modified_time\" content=\"2025-05-23T11:24:14+00:00\" \/>\n<meta name=\"twitter:card\" content=\"summary_large_image\" \/>\n<meta name=\"twitter:label1\" content=\"Est. reading time\" \/>\n\t<meta name=\"twitter:data1\" content=\"2 minutes\" \/>\n<script type=\"application\/ld+json\" class=\"yoast-schema-graph\">{\"@context\":\"https:\/\/schema.org\",\"@graph\":[{\"@type\":\"WebPage\",\"@id\":\"https:\/\/drselengagurmen.com\/misyon-ve-vizyon\/\",\"url\":\"https:\/\/drselengagurmen.com\/misyon-ve-vizyon\/\",\"name\":\"Misyon ve Vizyon - Dr. Selenga G\u00fcrmen: Psikoloji E\u011fitimleri - Terapi E\u011fitimleri\",\"isPartOf\":{\"@id\":\"https:\/\/drselengagurmen.com\/#website\"},\"datePublished\":\"2023-07-11T12:30:22+00:00\",\"dateModified\":\"2025-05-23T11:24:14+00:00\",\"breadcrumb\":{\"@id\":\"https:\/\/drselengagurmen.com\/misyon-ve-vizyon\/#breadcrumb\"},\"inLanguage\":\"en-US\",\"potentialAction\":[{\"@type\":\"ReadAction\",\"target\":[\"https:\/\/drselengagurmen.com\/misyon-ve-vizyon\/\"]}]},{\"@type\":\"BreadcrumbList\",\"@id\":\"https:\/\/drselengagurmen.com\/misyon-ve-vizyon\/#breadcrumb\",\"itemListElement\":[{\"@type\":\"ListItem\",\"position\":1,\"name\":\"Anasayfa\",\"item\":\"https:\/\/drselengagurmen.com\/\"},{\"@type\":\"ListItem\",\"position\":2,\"name\":\"Misyon ve Vizyon\"}]},{\"@type\":\"WebSite\",\"@id\":\"https:\/\/drselengagurmen.com\/#website\",\"url\":\"https:\/\/drselengagurmen.com\/\",\"name\":\"Dr. Selenga G\u00fcrmen: Psikoloji E\u011fitimleri - Terapi E\u011fitimleri\",\"description\":\"Psikoterapistler, psikoterapi e\u011fitimi alm\u0131\u015f ruh sa\u011fl\u0131\u011f\u0131 alan\u0131nda \u00e7al\u0131\u015fan uzmanlard\u0131r.\",\"potentialAction\":[{\"@type\":\"SearchAction\",\"target\":{\"@type\":\"EntryPoint\",\"urlTemplate\":\"https:\/\/drselengagurmen.com\/?s={search_term_string}\"},\"query-input\":{\"@type\":\"PropertyValueSpecification\",\"valueRequired\":true,\"valueName\":\"search_term_string\"}}],\"inLanguage\":\"en-US\"}]}<\/script>\n<!-- \/ Yoast SEO plugin. -->","yoast_head_json":{"title":"Misyon ve Vizyon - Dr. Selenga G\u00fcrmen: Psikoloji E\u011fitimleri - Terapi E\u011fitimleri","robots":{"index":"index","follow":"follow","max-snippet":"max-snippet:-1","max-image-preview":"max-image-preview:large","max-video-preview":"max-video-preview:-1"},"canonical":"https:\/\/drselengagurmen.com\/en\/mission-and-vision\/","og_locale":"en_US","og_type":"article","og_title":"Misyon ve Vizyon - Dr. Selenga G\u00fcrmen: Psikoloji E\u011fitimleri - Terapi E\u011fitimleri","og_description":"Misyon ve Vizyon Misyonumuz Sistemik bak\u0131\u015f a\u00e7\u0131s\u0131yla sadece mevcut ki\u015fi, olay ya da sistemi de\u011fil onlar\u0131n aras\u0131ndaki ili\u015fkileri de g\u00f6zeten, kapsayan bir \u00e7al\u0131\u015fma prensibiyle, bilimin \u0131\u015f\u0131\u011f\u0131nda ilerleyen ruh sa\u011fl\u0131\u011f\u0131 \u00e7al\u0131\u015fanlar\u0131y\u0131z.\u00a0 Kurulu\u015f amac\u0131m\u0131z e\u015flik etti\u011fimiz ki\u015fi, \u00e7ift, aile ve kurumlar\u0131 g\u00fc\u00e7lendirerek hayatlar\u0131nda istedikleri de\u011fi\u015fimleri elde edebilmeleri i\u00e7in gereken ara\u00e7 ve teknikleri onlara sunabilecek hizmetler vermektir.\u00a0 Bizim [&hellip;]","og_url":"https:\/\/drselengagurmen.com\/en\/mission-and-vision\/","og_site_name":"Dr. Selenga G\u00fcrmen: Psikoloji E\u011fitimleri - Terapi E\u011fitimleri","article_modified_time":"2025-05-23T11:24:14+00:00","twitter_card":"summary_large_image","twitter_misc":{"Est. reading time":"2 minutes"},"schema":{"@context":"https:\/\/schema.org","@graph":[{"@type":"WebPage","@id":"https:\/\/drselengagurmen.com\/misyon-ve-vizyon\/","url":"https:\/\/drselengagurmen.com\/misyon-ve-vizyon\/","name":"Misyon ve Vizyon - Dr. Selenga G\u00fcrmen: Psikoloji E\u011fitimleri - Terapi E\u011fitimleri","isPartOf":{"@id":"https:\/\/drselengagurmen.com\/#website"},"datePublished":"2023-07-11T12:30:22+00:00","dateModified":"2025-05-23T11:24:14+00:00","breadcrumb":{"@id":"https:\/\/drselengagurmen.com\/misyon-ve-vizyon\/#breadcrumb"},"inLanguage":"en-US","potentialAction":[{"@type":"ReadAction","target":["https:\/\/drselengagurmen.com\/misyon-ve-vizyon\/"]}]},{"@type":"BreadcrumbList","@id":"https:\/\/drselengagurmen.com\/misyon-ve-vizyon\/#breadcrumb","itemListElement":[{"@type":"ListItem","position":1,"name":"Anasayfa","item":"https:\/\/drselengagurmen.com\/"},{"@type":"ListItem","position":2,"name":"Misyon ve Vizyon"}]},{"@type":"WebSite","@id":"https:\/\/drselengagurmen.com\/#website","url":"https:\/\/drselengagurmen.com\/","name":"Dr. Selenga G\u00fcrmen: Psikoloji E\u011fitimleri - Terapi E\u011fitimleri","description":"Psikoterapistler, psikoterapi e\u011fitimi alm\u0131\u015f ruh sa\u011fl\u0131\u011f\u0131 alan\u0131nda \u00e7al\u0131\u015fan uzmanlard\u0131r.","potentialAction":[{"@type":"SearchAction","target":{"@type":"EntryPoint","urlTemplate":"https:\/\/drselengagurmen.com\/?s={search_term_string}"},"query-input":{"@type":"PropertyValueSpecification","valueRequired":true,"valueName":"search_term_string"}}],"inLanguage":"en-US"}]}},"_links":{"self":[{"href":"https:\/\/drselengagurmen.com\/en\/wp-json\/wp\/v2\/pages\/3250","targetHints":{"allow":["GET"]}}],"collection":[{"href":"https:\/\/drselengagurmen.com\/en\/wp-json\/wp\/v2\/pages"}],"about":[{"href":"https:\/\/drselengagurmen.com\/en\/wp-json\/wp\/v2\/types\/page"}],"author":[{"embeddable":true,"href":"https:\/\/drselengagurmen.com\/en\/wp-json\/wp\/v2\/users\/1"}],"replies":[{"embeddable":true,"href":"https:\/\/drselengagurmen.com\/en\/wp-json\/wp\/v2\/comments?post=3250"}],"version-history":[{"count":0,"href":"https:\/\/drselengagurmen.com\/en\/wp-json\/wp\/v2\/pages\/3250\/revisions"}],"wp:attachment":[{"href":"https:\/\/drselengagurmen.com\/en\/wp-json\/wp\/v2\/media?parent=3250"}],"curies":[{"name":"wp","href":"https:\/\/api.w.org\/{rel}","templated":true}]}}