{"id":3118,"date":"2023-07-04T14:43:38","date_gmt":"2023-07-04T14:43:38","guid":{"rendered":"https:\/\/drselengagurmen.com\/?page_id=3118"},"modified":"2026-01-29T09:03:55","modified_gmt":"2026-01-29T09:03:55","slug":"newsletter","status":"publish","type":"page","link":"https:\/\/drselengagurmen.com\/en\/newsletter\/","title":{"rendered":"Dergi"},"content":{"rendered":"<div data-elementor-type=\"wp-page\" data-elementor-id=\"3118\" class=\"elementor elementor-3118\">\n\t\t\t\t\t\t\t\t\t<section class=\"elementor-section elementor-top-section elementor-element elementor-element-9fd28d5 elementor-section-boxed elementor-section-height-default elementor-section-height-default\" data-id=\"9fd28d5\" data-element_type=\"section\" data-settings=\"{&quot;background_background&quot;:&quot;classic&quot;}\">\n\t\t\t\t\t\t\t<div class=\"elementor-background-overlay\"><\/div>\n\t\t\t\t\t\t\t<div class=\"elementor-container elementor-column-gap-default\">\n\t\t\t\t\t<div class=\"elementor-column elementor-col-50 elementor-top-column elementor-element elementor-element-0278b84\" data-id=\"0278b84\" data-element_type=\"column\">\n\t\t\t<div class=\"elementor-widget-wrap elementor-element-populated\">\n\t\t\t\t\t\t\t\t<div class=\"elementor-element elementor-element-e66e02a elementor-widget elementor-widget-breadcrumbs\" data-id=\"e66e02a\" data-element_type=\"widget\" data-widget_type=\"breadcrumbs.default\">\n\t\t\t\t<div class=\"elementor-widget-container\">\n\t\t\t<link rel=\"stylesheet\" href=\"https:\/\/drselengagurmen.com\/wp-content\/plugins\/elementor-pro\/assets\/css\/widget-theme-elements.min.css\"><p id=\"breadcrumbs\"><span><span><a href=\"https:\/\/drselengagurmen.com\/en\">Home Page<\/a><\/span><\/span><\/p>\t\t<\/div>\n\t\t\t\t<\/div>\n\t\t\t\t<div class=\"elementor-element elementor-element-6692cc4 elementor-widget elementor-widget-heading\" data-id=\"6692cc4\" data-element_type=\"widget\" data-widget_type=\"heading.default\">\n\t\t\t\t<div class=\"elementor-widget-container\">\n\t\t\t<style>\/*! elementor - v3.15.0 - 31-07-2023 *\/\n.elementor-heading-title{padding:0;margin:0;line-height:1}.elementor-widget-heading .elementor-heading-title[class*=elementor-size-]>a{color:inherit;font-size:inherit;line-height:inherit}.elementor-widget-heading .elementor-heading-title.elementor-size-small{font-size:15px}.elementor-widget-heading .elementor-heading-title.elementor-size-medium{font-size:19px}.elementor-widget-heading .elementor-heading-title.elementor-size-large{font-size:29px}.elementor-widget-heading .elementor-heading-title.elementor-size-xl{font-size:39px}.elementor-widget-heading .elementor-heading-title.elementor-size-xxl{font-size:59px}<\/style><h1 class=\"elementor-heading-title elementor-size-default\">Dergi<\/h1>\t\t<\/div>\n\t\t\t\t<\/div>\n\t\t\t\t<div class=\"elementor-element elementor-element-6d473e9 elementor-widget elementor-widget-text-editor\" data-id=\"6d473e9\" data-element_type=\"widget\" data-widget_type=\"text-editor.default\">\n\t\t\t\t<div class=\"elementor-widget-container\">\n\t\t\t<style>\/*! elementor - v3.15.0 - 31-07-2023 *\/\n.elementor-widget-text-editor.elementor-drop-cap-view-stacked .elementor-drop-cap{background-color:#69727d;color:#fff}.elementor-widget-text-editor.elementor-drop-cap-view-framed .elementor-drop-cap{color:#69727d;border:3px solid;background-color:transparent}.elementor-widget-text-editor:not(.elementor-drop-cap-view-default) .elementor-drop-cap{margin-top:8px}.elementor-widget-text-editor:not(.elementor-drop-cap-view-default) .elementor-drop-cap-letter{width:1em;height:1em}.elementor-widget-text-editor .elementor-drop-cap{float:left;text-align:center;line-height:1;font-size:50px}.elementor-widget-text-editor .elementor-drop-cap-letter{display:inline-block}<\/style>\t\t\t\t<p>On this page, you can find information about innovations in the world of psychology, current articles, practical suggestions for changing psychological problems and much more.<\/p>\t\t\t\t\t\t<\/div>\n\t\t\t\t<\/div>\n\t\t\t\t\t<\/div>\n\t\t<\/div>\n\t\t\t\t<div class=\"elementor-column elementor-col-50 elementor-top-column elementor-element elementor-element-d8fe2fa\" data-id=\"d8fe2fa\" data-element_type=\"column\">\n\t\t\t<div class=\"elementor-widget-wrap\">\n\t\t\t\t\t\t\t\t\t<\/div>\n\t\t<\/div>\n\t\t\t\t\t\t\t<\/div>\n\t\t<\/section>\n\t\t\t\t<section class=\"elementor-section elementor-top-section elementor-element elementor-element-8ba0e6c elementor-section-boxed elementor-section-height-default elementor-section-height-default\" data-id=\"8ba0e6c\" data-element_type=\"section\">\n\t\t\t\t\t\t<div class=\"elementor-container elementor-column-gap-default\">\n\t\t\t\t\t<div class=\"elementor-column elementor-col-100 elementor-top-column elementor-element elementor-element-252f64b\" data-id=\"252f64b\" data-element_type=\"column\">\n\t\t\t<div class=\"elementor-widget-wrap elementor-element-populated\">\n\t\t\t\t\t\t\t\t<div class=\"elementor-element elementor-element-0a87814 elementor-invisible elementor-widget elementor-widget-heading\" data-id=\"0a87814\" data-element_type=\"widget\" data-settings=\"{&quot;_animation&quot;:&quot;fadeInUp&quot;}\" data-widget_type=\"heading.default\">\n\t\t\t\t<div class=\"elementor-widget-container\">\n\t\t\t<span class=\"elementor-heading-title elementor-size-default\">Knowledge Bank<\/span>\t\t<\/div>\n\t\t\t\t<\/div>\n\t\t\t\t<div class=\"elementor-element elementor-element-8619955 elementor-widget elementor-widget-heading\" data-id=\"8619955\" data-element_type=\"widget\" data-widget_type=\"heading.default\">\n\t\t\t\t<div class=\"elementor-widget-container\">\n\t\t\t<h2 class=\"elementor-heading-title elementor-size-default\">Dergi<\/h2>\t\t<\/div>\n\t\t\t\t<\/div>\n\t\t\t\t<section class=\"elementor-section elementor-inner-section elementor-element elementor-element-06fcaf0 elementor-section-full_width elementor-section-height-default elementor-section-height-default\" data-id=\"06fcaf0\" data-element_type=\"section\">\n\t\t\t\t\t\t<div class=\"elementor-container elementor-column-gap-default\">\n\t\t\t\t\t<div class=\"elementor-column elementor-col-20 elementor-inner-column elementor-element elementor-element-a3be16a\" data-id=\"a3be16a\" data-element_type=\"column\">\n\t\t\t<div class=\"elementor-widget-wrap elementor-element-populated\">\n\t\t\t\t\t\t\t\t<div class=\"elementor-element elementor-element-2043774 elementor-widget elementor-widget-image\" data-id=\"2043774\" data-element_type=\"widget\" data-widget_type=\"image.default\">\n\t\t\t\t<div class=\"elementor-widget-container\">\n\t\t\t<style>\/*! elementor - v3.15.0 - 31-07-2023 *\/\n.elementor-widget-image{text-align:center}.elementor-widget-image a{display:inline-block}.elementor-widget-image a img[src$=\".svg\"]{width:48px}.elementor-widget-image img{vertical-align:middle;display:inline-block}<\/style>\t\t\t\t\t\t\t\t\t\t\t\t<img loading=\"lazy\" decoding=\"async\" width=\"724\" height=\"1024\" src=\"https:\/\/drselengagurmen.com\/wp-content\/uploads\/2025\/11\/BULTEN-kopyasi-724x1024.jpg\" class=\"attachment-large size-large wp-image-7554\" alt=\"\" srcset=\"https:\/\/drselengagurmen.com\/wp-content\/uploads\/2025\/11\/BULTEN-kopyasi-724x1024.jpg 724w, https:\/\/drselengagurmen.com\/wp-content\/uploads\/2025\/11\/BULTEN-kopyasi-212x300.jpg 212w, https:\/\/drselengagurmen.com\/wp-content\/uploads\/2025\/11\/BULTEN-kopyasi-768x1086.jpg 768w, https:\/\/drselengagurmen.com\/wp-content\/uploads\/2025\/11\/BULTEN-kopyasi-1086x1536.jpg 1086w, https:\/\/drselengagurmen.com\/wp-content\/uploads\/2025\/11\/BULTEN-kopyasi-8x12.jpg 8w, https:\/\/drselengagurmen.com\/wp-content\/uploads\/2025\/11\/BULTEN-kopyasi.jpg 1414w\" sizes=\"auto, (max-width: 724px) 100vw, 724px\" \/>\t\t\t\t\t\t\t\t\t\t\t\t\t\t\t<\/div>\n\t\t\t\t<\/div>\n\t\t\t\t<div class=\"elementor-element elementor-element-76e4746 elementor-widget elementor-widget-heading\" data-id=\"76e4746\" data-element_type=\"widget\" data-widget_type=\"heading.default\">\n\t\t\t\t<div class=\"elementor-widget-container\">\n\t\t\t<h2 class=\"elementor-heading-title elementor-size-default\">Seans Aras\u0131 - Yaz 2025<\/h2>\t\t<\/div>\n\t\t\t\t<\/div>\n\t\t\t\t<div class=\"elementor-element elementor-element-2c1cb82 elementor-widget elementor-widget-heading\" data-id=\"2c1cb82\" data-element_type=\"widget\" data-widget_type=\"heading.default\">\n\t\t\t\t<div class=\"elementor-widget-container\">\n\t\t\t<h2 class=\"elementor-heading-title elementor-size-default\"><a href=\"https:\/\/drselengagurmen.com\/wp-content\/uploads\/2025\/07\/yaz-2025-bulten-dr-selenga-gurmen.pdf\">Dergiyi \u0130ncele<\/a><\/h2>\t\t<\/div>\n\t\t\t\t<\/div>\n\t\t\t\t\t<\/div>\n\t\t<\/div>\n\t\t\t\t<div class=\"elementor-column elementor-col-20 elementor-inner-column elementor-element elementor-element-2fe8ed8\" data-id=\"2fe8ed8\" data-element_type=\"column\">\n\t\t\t<div class=\"elementor-widget-wrap elementor-element-populated\">\n\t\t\t\t\t\t\t\t<div class=\"elementor-element elementor-element-0cb1071 elementor-widget elementor-widget-image\" data-id=\"0cb1071\" data-element_type=\"widget\" data-widget_type=\"image.default\">\n\t\t\t\t<div class=\"elementor-widget-container\">\n\t\t\t\t\t\t\t\t\t\t\t\t\t\t\t<img loading=\"lazy\" decoding=\"async\" width=\"724\" height=\"1024\" src=\"https:\/\/drselengagurmen.com\/wp-content\/uploads\/2025\/11\/bulten-02-Selenga-Edition-724x1024.jpg\" class=\"attachment-large size-large wp-image-7538\" alt=\"\" srcset=\"https:\/\/drselengagurmen.com\/wp-content\/uploads\/2025\/11\/bulten-02-Selenga-Edition-724x1024.jpg 724w, https:\/\/drselengagurmen.com\/wp-content\/uploads\/2025\/11\/bulten-02-Selenga-Edition-212x300.jpg 212w, https:\/\/drselengagurmen.com\/wp-content\/uploads\/2025\/11\/bulten-02-Selenga-Edition-768x1086.jpg 768w, https:\/\/drselengagurmen.com\/wp-content\/uploads\/2025\/11\/bulten-02-Selenga-Edition-1086x1536.jpg 1086w, https:\/\/drselengagurmen.com\/wp-content\/uploads\/2025\/11\/bulten-02-Selenga-Edition-8x12.jpg 8w, https:\/\/drselengagurmen.com\/wp-content\/uploads\/2025\/11\/bulten-02-Selenga-Edition.jpg 1414w\" sizes=\"auto, (max-width: 724px) 100vw, 724px\" \/>\t\t\t\t\t\t\t\t\t\t\t\t\t\t\t<\/div>\n\t\t\t\t<\/div>\n\t\t\t\t<div class=\"elementor-element elementor-element-70ad74a elementor-widget elementor-widget-heading\" data-id=\"70ad74a\" data-element_type=\"widget\" data-widget_type=\"heading.default\">\n\t\t\t\t<div class=\"elementor-widget-container\">\n\t\t\t<h2 class=\"elementor-heading-title elementor-size-default\">Seans Aras\u0131 - G\u00fcz 2025<\/h2>\t\t<\/div>\n\t\t\t\t<\/div>\n\t\t\t\t<div class=\"elementor-element elementor-element-aa862da elementor-widget elementor-widget-heading\" data-id=\"aa862da\" data-element_type=\"widget\" data-widget_type=\"heading.default\">\n\t\t\t\t<div class=\"elementor-widget-container\">\n\t\t\t<h2 class=\"elementor-heading-title elementor-size-default\"><a href=\"https:\/\/drselengagurmen.com\/wp-content\/uploads\/2025\/11\/Seans-Arasi-Guz-2025.pdf\">Dergiyi \u0130ncele<\/a><\/h2>\t\t<\/div>\n\t\t\t\t<\/div>\n\t\t\t\t\t<\/div>\n\t\t<\/div>\n\t\t\t\t<div class=\"elementor-column elementor-col-20 elementor-inner-column elementor-element elementor-element-c1acb33\" data-id=\"c1acb33\" data-element_type=\"column\">\n\t\t\t<div class=\"elementor-widget-wrap elementor-element-populated\">\n\t\t\t\t\t\t\t\t<div class=\"elementor-element elementor-element-d73db6c elementor-widget elementor-widget-image\" data-id=\"d73db6c\" data-element_type=\"widget\" data-widget_type=\"image.default\">\n\t\t\t\t<div class=\"elementor-widget-container\">\n\t\t\t\t\t\t\t\t\t\t\t\t\t\t\t<img loading=\"lazy\" decoding=\"async\" width=\"724\" height=\"1024\" src=\"https:\/\/drselengagurmen.com\/wp-content\/uploads\/2026\/01\/bulten-03-Selenga-Edition-kopyasi-724x1024.jpg\" class=\"attachment-large size-large wp-image-7572\" alt=\"\" srcset=\"https:\/\/drselengagurmen.com\/wp-content\/uploads\/2026\/01\/bulten-03-Selenga-Edition-kopyasi-724x1024.jpg 724w, https:\/\/drselengagurmen.com\/wp-content\/uploads\/2026\/01\/bulten-03-Selenga-Edition-kopyasi-212x300.jpg 212w, https:\/\/drselengagurmen.com\/wp-content\/uploads\/2026\/01\/bulten-03-Selenga-Edition-kopyasi-768x1086.jpg 768w, https:\/\/drselengagurmen.com\/wp-content\/uploads\/2026\/01\/bulten-03-Selenga-Edition-kopyasi-1086x1536.jpg 1086w, https:\/\/drselengagurmen.com\/wp-content\/uploads\/2026\/01\/bulten-03-Selenga-Edition-kopyasi-8x12.jpg 8w, https:\/\/drselengagurmen.com\/wp-content\/uploads\/2026\/01\/bulten-03-Selenga-Edition-kopyasi.jpg 1414w\" sizes=\"auto, (max-width: 724px) 100vw, 724px\" \/>\t\t\t\t\t\t\t\t\t\t\t\t\t\t\t<\/div>\n\t\t\t\t<\/div>\n\t\t\t\t<div class=\"elementor-element elementor-element-d8e5437 elementor-widget elementor-widget-heading\" data-id=\"d8e5437\" data-element_type=\"widget\" data-widget_type=\"heading.default\">\n\t\t\t\t<div class=\"elementor-widget-container\">\n\t\t\t<h2 class=\"elementor-heading-title elementor-size-default\">Seans Aras\u0131 - K\u0131\u015f 2026<\/h2>\t\t<\/div>\n\t\t\t\t<\/div>\n\t\t\t\t<div class=\"elementor-element elementor-element-70ebbf2 elementor-widget elementor-widget-heading\" data-id=\"70ebbf2\" data-element_type=\"widget\" data-widget_type=\"heading.default\">\n\t\t\t\t<div class=\"elementor-widget-container\">\n\t\t\t<h2 class=\"elementor-heading-title elementor-size-default\"><a href=\"https:\/\/drselengagurmen.com\/wp-content\/uploads\/2026\/01\/Seans-Arasi-Kis-2026.pdf\">Dergiyi \u0130ncele<\/a><\/h2>\t\t<\/div>\n\t\t\t\t<\/div>\n\t\t\t\t\t<\/div>\n\t\t<\/div>\n\t\t\t\t<div class=\"elementor-column elementor-col-20 elementor-inner-column elementor-element elementor-element-d65281c\" data-id=\"d65281c\" data-element_type=\"column\">\n\t\t\t<div class=\"elementor-widget-wrap\">\n\t\t\t\t\t\t\t\t\t<\/div>\n\t\t<\/div>\n\t\t\t\t<div class=\"elementor-column elementor-col-20 elementor-inner-column elementor-element elementor-element-d0b148a\" data-id=\"d0b148a\" data-element_type=\"column\">\n\t\t\t<div class=\"elementor-widget-wrap\">\n\t\t\t\t\t\t\t\t\t<\/div>\n\t\t<\/div>\n\t\t\t\t\t\t\t<\/div>\n\t\t<\/section>\n\t\t\t\t\t<\/div>\n\t\t<\/div>\n\t\t\t\t\t\t\t<\/div>\n\t\t<\/section>\n\t\t\t\t\t\t\t<\/div>","protected":false},"excerpt":{"rendered":"<p>Bu sayfada, psikoloji d\u00fcnyas\u0131ndaki yenilikler, g\u00fcncel yaz\u0131lar, psikolojik sorunlar\u0131n de\u011fi\u015fimine y\u00f6nelik pratik \u00f6neriler ve daha pek \u00e7ok konuda bilgiye ula\u015fabilirsiniz. Bilgi Bankas\u0131 Dergi Seans Aras\u0131 &#8211; Yaz 2025 Dergiyi \u0130ncele Seans Aras\u0131 &#8211; G\u00fcz 2025 Dergiyi \u0130ncele Seans Aras\u0131 &#8211; K\u0131\u015f 2026 Dergiyi \u0130ncele<\/p>","protected":false},"author":1,"featured_media":0,"parent":0,"menu_order":0,"comment_status":"closed","ping_status":"closed","template":"elementor_header_footer","meta":{"_acf_changed":false,"footnotes":""},"class_list":["post-3118","page","type-page","status-publish","hentry"],"acf":[],"yoast_head":"<!-- This site is optimized with the Yoast SEO plugin v25.0 - https:\/\/yoast.com\/wordpress\/plugins\/seo\/ -->\n<title>Dergi - Dr. Selenga G\u00fcrmen: Psikoloji E\u011fitimleri - Terapi E\u011fitimleri<\/title>\n<meta name=\"robots\" content=\"index, follow, max-snippet:-1, max-image-preview:large, max-video-preview:-1\" \/>\n<link rel=\"canonical\" href=\"https:\/\/drselengagurmen.com\/en\/newsletter\/\" \/>\n<meta property=\"og:locale\" content=\"en_US\" \/>\n<meta property=\"og:type\" content=\"article\" \/>\n<meta property=\"og:title\" content=\"Dergi - Dr. Selenga G\u00fcrmen: Psikoloji E\u011fitimleri - Terapi E\u011fitimleri\" \/>\n<meta property=\"og:description\" content=\"Bu sayfada, psikoloji d\u00fcnyas\u0131ndaki yenilikler, g\u00fcncel yaz\u0131lar, psikolojik sorunlar\u0131n de\u011fi\u015fimine y\u00f6nelik pratik \u00f6neriler ve daha pek \u00e7ok konuda bilgiye ula\u015fabilirsiniz. Bilgi Bankas\u0131 Dergi Seans Aras\u0131 &#8211; Yaz 2025 Dergiyi \u0130ncele Seans Aras\u0131 &#8211; G\u00fcz 2025 Dergiyi \u0130ncele Seans Aras\u0131 &#8211; K\u0131\u015f 2026 Dergiyi \u0130ncele\" \/>\n<meta property=\"og:url\" content=\"https:\/\/drselengagurmen.com\/en\/newsletter\/\" \/>\n<meta property=\"og:site_name\" content=\"Dr. Selenga G\u00fcrmen: Psikoloji E\u011fitimleri - Terapi E\u011fitimleri\" \/>\n<meta property=\"article:modified_time\" content=\"2026-01-29T09:03:55+00:00\" \/>\n<meta property=\"og:image\" content=\"https:\/\/drselengagurmen.com\/wp-content\/uploads\/2025\/11\/BULTEN-kopyasi.jpg\" \/>\n\t<meta property=\"og:image:width\" content=\"1414\" \/>\n\t<meta property=\"og:image:height\" content=\"2000\" \/>\n\t<meta property=\"og:image:type\" content=\"image\/jpeg\" \/>\n<meta name=\"twitter:card\" content=\"summary_large_image\" \/>\n<meta name=\"twitter:label1\" content=\"Est. reading time\" \/>\n\t<meta name=\"twitter:data1\" content=\"1 minute\" \/>\n<script type=\"application\/ld+json\" class=\"yoast-schema-graph\">{\"@context\":\"https:\/\/schema.org\",\"@graph\":[{\"@type\":\"WebPage\",\"@id\":\"https:\/\/drselengagurmen.com\/bulten\/\",\"url\":\"https:\/\/drselengagurmen.com\/bulten\/\",\"name\":\"Dergi - Dr. Selenga G\u00fcrmen: Psikoloji E\u011fitimleri - Terapi E\u011fitimleri\",\"isPartOf\":{\"@id\":\"https:\/\/drselengagurmen.com\/#website\"},\"primaryImageOfPage\":{\"@id\":\"https:\/\/drselengagurmen.com\/bulten\/#primaryimage\"},\"image\":{\"@id\":\"https:\/\/drselengagurmen.com\/bulten\/#primaryimage\"},\"thumbnailUrl\":\"https:\/\/drselengagurmen.com\/wp-content\/uploads\/2025\/11\/BULTEN-kopyasi-724x1024.jpg\",\"datePublished\":\"2023-07-04T14:43:38+00:00\",\"dateModified\":\"2026-01-29T09:03:55+00:00\",\"breadcrumb\":{\"@id\":\"https:\/\/drselengagurmen.com\/bulten\/#breadcrumb\"},\"inLanguage\":\"en-US\",\"potentialAction\":[{\"@type\":\"ReadAction\",\"target\":[\"https:\/\/drselengagurmen.com\/bulten\/\"]}]},{\"@type\":\"ImageObject\",\"inLanguage\":\"en-US\",\"@id\":\"https:\/\/drselengagurmen.com\/bulten\/#primaryimage\",\"url\":\"https:\/\/drselengagurmen.com\/wp-content\/uploads\/2025\/11\/BULTEN-kopyasi-724x1024.jpg\",\"contentUrl\":\"https:\/\/drselengagurmen.com\/wp-content\/uploads\/2025\/11\/BULTEN-kopyasi-724x1024.jpg\"},{\"@type\":\"BreadcrumbList\",\"@id\":\"https:\/\/drselengagurmen.com\/bulten\/#breadcrumb\",\"itemListElement\":[{\"@type\":\"ListItem\",\"position\":1,\"name\":\"Anasayfa\",\"item\":\"https:\/\/drselengagurmen.com\/\"},{\"@type\":\"ListItem\",\"position\":2,\"name\":\"Dergi\"}]},{\"@type\":\"WebSite\",\"@id\":\"https:\/\/drselengagurmen.com\/#website\",\"url\":\"https:\/\/drselengagurmen.com\/\",\"name\":\"Dr. Selenga G\u00fcrmen: Psikoloji E\u011fitimleri - Terapi E\u011fitimleri\",\"description\":\"Psikoterapistler, psikoterapi e\u011fitimi alm\u0131\u015f ruh sa\u011fl\u0131\u011f\u0131 alan\u0131nda \u00e7al\u0131\u015fan uzmanlard\u0131r.\",\"potentialAction\":[{\"@type\":\"SearchAction\",\"target\":{\"@type\":\"EntryPoint\",\"urlTemplate\":\"https:\/\/drselengagurmen.com\/?s={search_term_string}\"},\"query-input\":{\"@type\":\"PropertyValueSpecification\",\"valueRequired\":true,\"valueName\":\"search_term_string\"}}],\"inLanguage\":\"en-US\"}]}<\/script>\n<!-- \/ Yoast SEO plugin. -->","yoast_head_json":{"title":"Dergi - Dr. Selenga G\u00fcrmen: Psikoloji E\u011fitimleri - Terapi E\u011fitimleri","robots":{"index":"index","follow":"follow","max-snippet":"max-snippet:-1","max-image-preview":"max-image-preview:large","max-video-preview":"max-video-preview:-1"},"canonical":"https:\/\/drselengagurmen.com\/en\/newsletter\/","og_locale":"en_US","og_type":"article","og_title":"Dergi - Dr. Selenga G\u00fcrmen: Psikoloji E\u011fitimleri - Terapi E\u011fitimleri","og_description":"Bu sayfada, psikoloji d\u00fcnyas\u0131ndaki yenilikler, g\u00fcncel yaz\u0131lar, psikolojik sorunlar\u0131n de\u011fi\u015fimine y\u00f6nelik pratik \u00f6neriler ve daha pek \u00e7ok konuda bilgiye ula\u015fabilirsiniz. Bilgi Bankas\u0131 Dergi Seans Aras\u0131 &#8211; Yaz 2025 Dergiyi \u0130ncele Seans Aras\u0131 &#8211; G\u00fcz 2025 Dergiyi \u0130ncele Seans Aras\u0131 &#8211; K\u0131\u015f 2026 Dergiyi \u0130ncele","og_url":"https:\/\/drselengagurmen.com\/en\/newsletter\/","og_site_name":"Dr. Selenga G\u00fcrmen: Psikoloji E\u011fitimleri - Terapi E\u011fitimleri","article_modified_time":"2026-01-29T09:03:55+00:00","og_image":[{"width":1414,"height":2000,"url":"https:\/\/drselengagurmen.com\/wp-content\/uploads\/2025\/11\/BULTEN-kopyasi.jpg","type":"image\/jpeg"}],"twitter_card":"summary_large_image","twitter_misc":{"Est. reading time":"1 minute"},"schema":{"@context":"https:\/\/schema.org","@graph":[{"@type":"WebPage","@id":"https:\/\/drselengagurmen.com\/bulten\/","url":"https:\/\/drselengagurmen.com\/bulten\/","name":"Dergi - Dr. Selenga G\u00fcrmen: Psikoloji E\u011fitimleri - Terapi E\u011fitimleri","isPartOf":{"@id":"https:\/\/drselengagurmen.com\/#website"},"primaryImageOfPage":{"@id":"https:\/\/drselengagurmen.com\/bulten\/#primaryimage"},"image":{"@id":"https:\/\/drselengagurmen.com\/bulten\/#primaryimage"},"thumbnailUrl":"https:\/\/drselengagurmen.com\/wp-content\/uploads\/2025\/11\/BULTEN-kopyasi-724x1024.jpg","datePublished":"2023-07-04T14:43:38+00:00","dateModified":"2026-01-29T09:03:55+00:00","breadcrumb":{"@id":"https:\/\/drselengagurmen.com\/bulten\/#breadcrumb"},"inLanguage":"en-US","potentialAction":[{"@type":"ReadAction","target":["https:\/\/drselengagurmen.com\/bulten\/"]}]},{"@type":"ImageObject","inLanguage":"en-US","@id":"https:\/\/drselengagurmen.com\/bulten\/#primaryimage","url":"https:\/\/drselengagurmen.com\/wp-content\/uploads\/2025\/11\/BULTEN-kopyasi-724x1024.jpg","contentUrl":"https:\/\/drselengagurmen.com\/wp-content\/uploads\/2025\/11\/BULTEN-kopyasi-724x1024.jpg"},{"@type":"BreadcrumbList","@id":"https:\/\/drselengagurmen.com\/bulten\/#breadcrumb","itemListElement":[{"@type":"ListItem","position":1,"name":"Anasayfa","item":"https:\/\/drselengagurmen.com\/"},{"@type":"ListItem","position":2,"name":"Dergi"}]},{"@type":"WebSite","@id":"https:\/\/drselengagurmen.com\/#website","url":"https:\/\/drselengagurmen.com\/","name":"Dr. Selenga G\u00fcrmen: Psikoloji E\u011fitimleri - Terapi E\u011fitimleri","description":"Psikoterapistler, psikoterapi e\u011fitimi alm\u0131\u015f ruh sa\u011fl\u0131\u011f\u0131 alan\u0131nda \u00e7al\u0131\u015fan uzmanlard\u0131r.","potentialAction":[{"@type":"SearchAction","target":{"@type":"EntryPoint","urlTemplate":"https:\/\/drselengagurmen.com\/?s={search_term_string}"},"query-input":{"@type":"PropertyValueSpecification","valueRequired":true,"valueName":"search_term_string"}}],"inLanguage":"en-US"}]}},"_links":{"self":[{"href":"https:\/\/drselengagurmen.com\/en\/wp-json\/wp\/v2\/pages\/3118","targetHints":{"allow":["GET"]}}],"collection":[{"href":"https:\/\/drselengagurmen.com\/en\/wp-json\/wp\/v2\/pages"}],"about":[{"href":"https:\/\/drselengagurmen.com\/en\/wp-json\/wp\/v2\/types\/page"}],"author":[{"embeddable":true,"href":"https:\/\/drselengagurmen.com\/en\/wp-json\/wp\/v2\/users\/1"}],"replies":[{"embeddable":true,"href":"https:\/\/drselengagurmen.com\/en\/wp-json\/wp\/v2\/comments?post=3118"}],"version-history":[{"count":0,"href":"https:\/\/drselengagurmen.com\/en\/wp-json\/wp\/v2\/pages\/3118\/revisions"}],"wp:attachment":[{"href":"https:\/\/drselengagurmen.com\/en\/wp-json\/wp\/v2\/media?parent=3118"}],"curies":[{"name":"wp","href":"https:\/\/api.w.org\/{rel}","templated":true}]}}