{"id":2999,"date":"2023-07-03T12:35:37","date_gmt":"2023-07-03T12:35:37","guid":{"rendered":"https:\/\/drselengagurmen.com\/?page_id=2999"},"modified":"2025-05-26T12:26:59","modified_gmt":"2025-05-26T12:26:59","slug":"ilk-adimimiz-2010da-atildi","status":"publish","type":"page","link":"https:\/\/drselengagurmen.com\/en\/ilk-adimimiz-2010da-atildi\/","title":{"rendered":"\u0130lk Ad\u0131m\u0131m\u0131z 2010&#8217;da At\u0131ld\u0131"},"content":{"rendered":"<div data-elementor-type=\"wp-page\" data-elementor-id=\"2999\" class=\"elementor elementor-2999\">\n\t\t\t\t\t\t\t\t\t<section class=\"elementor-section elementor-top-section elementor-element elementor-element-345b7be elementor-section-boxed elementor-section-height-default elementor-section-height-default\" data-id=\"345b7be\" data-element_type=\"section\" data-settings=\"{&quot;background_background&quot;:&quot;classic&quot;}\">\n\t\t\t\t\t\t\t<div class=\"elementor-background-overlay\"><\/div>\n\t\t\t\t\t\t\t<div class=\"elementor-container elementor-column-gap-default\">\n\t\t\t\t\t<div class=\"elementor-column elementor-col-50 elementor-top-column elementor-element elementor-element-81c5a8d\" data-id=\"81c5a8d\" data-element_type=\"column\">\n\t\t\t<div class=\"elementor-widget-wrap elementor-element-populated\">\n\t\t\t\t\t\t\t\t<div class=\"elementor-element elementor-element-76dc678 elementor-icon-list--layout-inline elementor-list-item-link-full_width elementor-widget elementor-widget-icon-list\" data-id=\"76dc678\" data-element_type=\"widget\" data-widget_type=\"icon-list.default\">\n\t\t\t\t<div class=\"elementor-widget-container\">\n\t\t\t<link rel=\"stylesheet\" href=\"https:\/\/drselengagurmen.com\/wp-content\/plugins\/elementor\/assets\/css\/widget-icon-list.min.css\">\t\t<ul class=\"elementor-icon-list-items elementor-inline-items\">\n\t\t\t\t\t\t\t<li class=\"elementor-icon-list-item elementor-inline-item\">\n\t\t\t\t\t\t\t\t\t\t\t<a href=\"https:\/\/drselengagurmen.com\/en\">\n\n\t\t\t\t\t\t\t\t\t\t\t<span class=\"elementor-icon-list-text\">Home Page<\/span>\n\t\t\t\t\t\t\t\t\t\t\t<\/a>\n\t\t\t\t\t\t\t\t\t<\/li>\n\t\t\t\t\t\t\t\t<li class=\"elementor-icon-list-item elementor-inline-item\">\n\t\t\t\t\t\t\t\t\t\t\t<a href=\"https:\/\/drselengagurmen.com\/en\/ilk-adimimiz-2010da-atildi\/\">\n\n\t\t\t\t\t\t\t\t\t\t\t\t<span class=\"elementor-icon-list-icon\">\n\t\t\t\t\t\t\t<i aria-hidden=\"true\" class=\"fas fa-caret-right\"><\/i>\t\t\t\t\t\t<\/span>\n\t\t\t\t\t\t\t\t\t\t<span class=\"elementor-icon-list-text\">Our First Step Was Taken in 2010<\/span>\n\t\t\t\t\t\t\t\t\t\t\t<\/a>\n\t\t\t\t\t\t\t\t\t<\/li>\n\t\t\t\t\t\t<\/ul>\n\t\t\t\t<\/div>\n\t\t\t\t<\/div>\n\t\t\t\t<div class=\"elementor-element elementor-element-525e634 elementor-widget elementor-widget-heading\" data-id=\"525e634\" data-element_type=\"widget\" data-widget_type=\"heading.default\">\n\t\t\t\t<div class=\"elementor-widget-container\">\n\t\t\t<style>\/*! elementor - v3.15.0 - 31-07-2023 *\/\n.elementor-heading-title{padding:0;margin:0;line-height:1}.elementor-widget-heading .elementor-heading-title[class*=elementor-size-]>a{color:inherit;font-size:inherit;line-height:inherit}.elementor-widget-heading .elementor-heading-title.elementor-size-small{font-size:15px}.elementor-widget-heading .elementor-heading-title.elementor-size-medium{font-size:19px}.elementor-widget-heading .elementor-heading-title.elementor-size-large{font-size:29px}.elementor-widget-heading .elementor-heading-title.elementor-size-xl{font-size:39px}.elementor-widget-heading .elementor-heading-title.elementor-size-xxl{font-size:59px}<\/style><h1 class=\"elementor-heading-title elementor-size-default\">Our First Step Was Taken in 2010<\/h1>\t\t<\/div>\n\t\t\t\t<\/div>\n\t\t\t\t\t<\/div>\n\t\t<\/div>\n\t\t\t\t<div class=\"elementor-column elementor-col-50 elementor-top-column elementor-element elementor-element-8071c54\" data-id=\"8071c54\" data-element_type=\"column\">\n\t\t\t<div class=\"elementor-widget-wrap\">\n\t\t\t\t\t\t\t\t\t<\/div>\n\t\t<\/div>\n\t\t\t\t\t\t\t<\/div>\n\t\t<\/section>\n\t\t\t\t<section class=\"elementor-section elementor-top-section elementor-element elementor-element-4ad1c23 elementor-section-boxed elementor-section-height-default elementor-section-height-default\" data-id=\"4ad1c23\" data-element_type=\"section\">\n\t\t\t\t\t\t<div class=\"elementor-container elementor-column-gap-no\">\n\t\t\t\t\t<div class=\"elementor-column elementor-col-100 elementor-top-column elementor-element elementor-element-6122cf0\" data-id=\"6122cf0\" data-element_type=\"column\">\n\t\t\t<div class=\"elementor-widget-wrap elementor-element-populated\">\n\t\t\t\t\t\t\t\t<section class=\"elementor-section elementor-inner-section elementor-element elementor-element-3363723 elementor-section-full_width elementor-section-height-default elementor-section-height-default\" data-id=\"3363723\" data-element_type=\"section\">\n\t\t\t\t\t\t<div class=\"elementor-container elementor-column-gap-default\">\n\t\t\t\t\t<div class=\"elementor-column elementor-col-50 elementor-inner-column elementor-element elementor-element-3890c0d\" data-id=\"3890c0d\" data-element_type=\"column\">\n\t\t\t<div class=\"elementor-widget-wrap elementor-element-populated\">\n\t\t\t\t\t\t\t\t<div class=\"elementor-element elementor-element-6434a35 elementor-widget elementor-widget-heading\" data-id=\"6434a35\" data-element_type=\"widget\" data-widget_type=\"heading.default\">\n\t\t\t\t<div class=\"elementor-widget-container\">\n\t\t\t<h2 class=\"elementor-heading-title elementor-size-default\">Our First Step Was Taken in 2010<\/h2>\t\t<\/div>\n\t\t\t\t<\/div>\n\t\t\t\t<div class=\"elementor-element elementor-element-9906001 elementor-widget elementor-widget-text-editor\" data-id=\"9906001\" data-element_type=\"widget\" data-widget_type=\"text-editor.default\">\n\t\t\t\t<div class=\"elementor-widget-container\">\n\t\t\t<style>\/*! elementor - v3.15.0 - 31-07-2023 *\/\n.elementor-widget-text-editor.elementor-drop-cap-view-stacked .elementor-drop-cap{background-color:#69727d;color:#fff}.elementor-widget-text-editor.elementor-drop-cap-view-framed .elementor-drop-cap{color:#69727d;border:3px solid;background-color:transparent}.elementor-widget-text-editor:not(.elementor-drop-cap-view-default) .elementor-drop-cap{margin-top:8px}.elementor-widget-text-editor:not(.elementor-drop-cap-view-default) .elementor-drop-cap-letter{width:1em;height:1em}.elementor-widget-text-editor .elementor-drop-cap{float:left;text-align:center;line-height:1;font-size:50px}.elementor-widget-text-editor .elementor-drop-cap-letter{display:inline-block}<\/style>\t\t\t\t<p>T\u00fcrkiye\u2019de yeni yeni duyulmaya ba\u015flayan \u00c7ift ve Aile Dan\u0131\u015fmanl\u0131\u011f\u0131 alan\u0131n\u0131 en iyi okullardan \u00f6\u011frenmek i\u00e7in Dr. Selenga G\u00fcrmen, University of Connecticut\u2019ta y\u00fcksek lisans ve doktoras\u0131n\u0131 yapmak i\u00e7in Amerika\u2019ya gitti. Burada birey, \u00e7ift ve ailelerle dan\u0131\u015fmanl\u0131k yapmaya ba\u015flay\u0131p, birey ve ailelerin \u00e7e\u015fitli ya\u015fam d\u00f6ng\u00fclerinde ge\u00e7i\u015f s\u00fcre\u00e7lerini ara\u015ft\u0131ran \u00e7al\u0131\u015fmalar yapt\u0131. At\u00f6lye ve e\u011fitimler tasarlayarak hem dan\u0131\u015fanlar\u0131n hem de dan\u0131\u015fmanlar\u0131n geli\u015fimlerine katk\u0131 sunacak \u00e7al\u0131\u015fmalarda bulundu.<\/p>\t\t\t\t\t\t<\/div>\n\t\t\t\t<\/div>\n\t\t\t\t\t<\/div>\n\t\t<\/div>\n\t\t\t\t<div class=\"elementor-column elementor-col-50 elementor-inner-column elementor-element elementor-element-db2dcc4\" data-id=\"db2dcc4\" data-element_type=\"column\">\n\t\t\t<div class=\"elementor-widget-wrap elementor-element-populated\">\n\t\t\t\t\t\t\t\t<section class=\"elementor-section elementor-inner-section elementor-element elementor-element-135b64a elementor-section-boxed elementor-section-height-default elementor-section-height-default\" data-id=\"135b64a\" data-element_type=\"section\">\n\t\t\t\t\t\t<div class=\"elementor-container elementor-column-gap-no\">\n\t\t\t\t\t<div class=\"elementor-column elementor-col-100 elementor-inner-column elementor-element elementor-element-f158cc7\" data-id=\"f158cc7\" data-element_type=\"column\" data-settings=\"{&quot;background_background&quot;:&quot;gradient&quot;}\">\n\t\t\t<div class=\"elementor-widget-wrap elementor-element-populated\">\n\t\t\t\t\t\t\t\t<div class=\"elementor-element elementor-element-cc9f725 elementor-align-justify elementor-widget elementor-widget-button\" data-id=\"cc9f725\" data-element_type=\"widget\" data-widget_type=\"button.default\">\n\t\t\t\t<div class=\"elementor-widget-container\">\n\t\t\t\t\t<div class=\"elementor-button-wrapper\">\n\t\t\t<a class=\"elementor-button elementor-button-link elementor-size-sm\" href=\"https:\/\/drselengagurmen.com\/en\/contact\/\">\n\t\t\t\t\t\t<span class=\"elementor-button-content-wrapper\">\n\t\t\t\t\t\t<span class=\"elementor-button-text\">Contact Us<\/span>\n\t\t<\/span>\n\t\t\t\t\t<\/a>\n\t\t<\/div>\n\t\t\t\t<\/div>\n\t\t\t\t<\/div>\n\t\t\t\t\t<\/div>\n\t\t<\/div>\n\t\t\t\t\t\t\t<\/div>\n\t\t<\/section>\n\t\t\t\t\t<\/div>\n\t\t<\/div>\n\t\t\t\t\t\t\t<\/div>\n\t\t<\/section>\n\t\t\t\t\t<\/div>\n\t\t<\/div>\n\t\t\t\t\t\t\t<\/div>\n\t\t<\/section>\n\t\t\t\t\t\t\t<\/div>","protected":false},"excerpt":{"rendered":"<p>Ana Sayfa \u0130lk Ad\u0131m\u0131m\u0131z 2010&#8217;da At\u0131ld\u0131 \u0130lk Ad\u0131m\u0131m\u0131z 2010&#8217;da At\u0131ld\u0131 \u0130lk Ad\u0131m\u0131m\u0131z 2010&#8217;da At\u0131ld\u0131 T\u00fcrkiye\u2019de yeni yeni duyulmaya ba\u015flayan \u00c7ift ve Aile Dan\u0131\u015fmanl\u0131\u011f\u0131 alan\u0131n\u0131 en iyi okullardan \u00f6\u011frenmek i\u00e7in Dr. Selenga G\u00fcrmen, University of Connecticut\u2019ta y\u00fcksek lisans ve doktoras\u0131n\u0131 yapmak i\u00e7in Amerika\u2019ya gitti. Burada birey, \u00e7ift ve ailelerle dan\u0131\u015fmanl\u0131k yapmaya ba\u015flay\u0131p, birey ve ailelerin \u00e7e\u015fitli [&hellip;]<\/p>","protected":false},"author":1,"featured_media":0,"parent":0,"menu_order":0,"comment_status":"closed","ping_status":"closed","template":"","meta":{"_acf_changed":false,"footnotes":""},"class_list":["post-2999","page","type-page","status-publish","hentry"],"acf":[],"yoast_head":"<!-- This site is optimized with the Yoast SEO plugin v25.0 - https:\/\/yoast.com\/wordpress\/plugins\/seo\/ -->\n<title>\u0130lk Ad\u0131m\u0131m\u0131z 2010&#039;da At\u0131ld\u0131 - Dr. Selenga G\u00fcrmen: Psikoloji E\u011fitimleri - Terapi E\u011fitimleri<\/title>\n<meta name=\"robots\" content=\"index, follow, max-snippet:-1, max-image-preview:large, max-video-preview:-1\" \/>\n<link rel=\"canonical\" href=\"https:\/\/drselengagurmen.com\/en\/ilk-adimimiz-2010da-atildi\/\" \/>\n<meta property=\"og:locale\" content=\"en_US\" \/>\n<meta property=\"og:type\" content=\"article\" \/>\n<meta property=\"og:title\" content=\"\u0130lk Ad\u0131m\u0131m\u0131z 2010&#039;da At\u0131ld\u0131 - Dr. Selenga G\u00fcrmen: Psikoloji E\u011fitimleri - Terapi E\u011fitimleri\" \/>\n<meta property=\"og:description\" content=\"Ana Sayfa \u0130lk Ad\u0131m\u0131m\u0131z 2010&#8217;da At\u0131ld\u0131 \u0130lk Ad\u0131m\u0131m\u0131z 2010&#8217;da At\u0131ld\u0131 \u0130lk Ad\u0131m\u0131m\u0131z 2010&#8217;da At\u0131ld\u0131 T\u00fcrkiye\u2019de yeni yeni duyulmaya ba\u015flayan \u00c7ift ve Aile Dan\u0131\u015fmanl\u0131\u011f\u0131 alan\u0131n\u0131 en iyi okullardan \u00f6\u011frenmek i\u00e7in Dr. Selenga G\u00fcrmen, University of Connecticut\u2019ta y\u00fcksek lisans ve doktoras\u0131n\u0131 yapmak i\u00e7in Amerika\u2019ya gitti. Burada birey, \u00e7ift ve ailelerle dan\u0131\u015fmanl\u0131k yapmaya ba\u015flay\u0131p, birey ve ailelerin \u00e7e\u015fitli [&hellip;]\" \/>\n<meta property=\"og:url\" content=\"https:\/\/drselengagurmen.com\/en\/ilk-adimimiz-2010da-atildi\/\" \/>\n<meta property=\"og:site_name\" content=\"Dr. Selenga G\u00fcrmen: Psikoloji E\u011fitimleri - Terapi E\u011fitimleri\" \/>\n<meta property=\"article:modified_time\" content=\"2025-05-26T12:26:59+00:00\" \/>\n<meta name=\"twitter:card\" content=\"summary_large_image\" \/>\n<meta name=\"twitter:label1\" content=\"Est. reading time\" \/>\n\t<meta name=\"twitter:data1\" content=\"1 minute\" \/>\n<script type=\"application\/ld+json\" class=\"yoast-schema-graph\">{\"@context\":\"https:\/\/schema.org\",\"@graph\":[{\"@type\":\"WebPage\",\"@id\":\"https:\/\/drselengagurmen.com\/ilk-adimimiz-2010da-atildi\/\",\"url\":\"https:\/\/drselengagurmen.com\/ilk-adimimiz-2010da-atildi\/\",\"name\":\"\u0130lk Ad\u0131m\u0131m\u0131z 2010'da At\u0131ld\u0131 - Dr. Selenga G\u00fcrmen: Psikoloji E\u011fitimleri - Terapi E\u011fitimleri\",\"isPartOf\":{\"@id\":\"https:\/\/drselengagurmen.com\/#website\"},\"datePublished\":\"2023-07-03T12:35:37+00:00\",\"dateModified\":\"2025-05-26T12:26:59+00:00\",\"breadcrumb\":{\"@id\":\"https:\/\/drselengagurmen.com\/ilk-adimimiz-2010da-atildi\/#breadcrumb\"},\"inLanguage\":\"en-US\",\"potentialAction\":[{\"@type\":\"ReadAction\",\"target\":[\"https:\/\/drselengagurmen.com\/ilk-adimimiz-2010da-atildi\/\"]}]},{\"@type\":\"BreadcrumbList\",\"@id\":\"https:\/\/drselengagurmen.com\/ilk-adimimiz-2010da-atildi\/#breadcrumb\",\"itemListElement\":[{\"@type\":\"ListItem\",\"position\":1,\"name\":\"Anasayfa\",\"item\":\"https:\/\/drselengagurmen.com\/\"},{\"@type\":\"ListItem\",\"position\":2,\"name\":\"\u0130lk Ad\u0131m\u0131m\u0131z 2010&#8217;da At\u0131ld\u0131\"}]},{\"@type\":\"WebSite\",\"@id\":\"https:\/\/drselengagurmen.com\/#website\",\"url\":\"https:\/\/drselengagurmen.com\/\",\"name\":\"Dr. Selenga G\u00fcrmen: Psikoloji E\u011fitimleri - Terapi E\u011fitimleri\",\"description\":\"Psikoterapistler, psikoterapi e\u011fitimi alm\u0131\u015f ruh sa\u011fl\u0131\u011f\u0131 alan\u0131nda \u00e7al\u0131\u015fan uzmanlard\u0131r.\",\"potentialAction\":[{\"@type\":\"SearchAction\",\"target\":{\"@type\":\"EntryPoint\",\"urlTemplate\":\"https:\/\/drselengagurmen.com\/?s={search_term_string}\"},\"query-input\":{\"@type\":\"PropertyValueSpecification\",\"valueRequired\":true,\"valueName\":\"search_term_string\"}}],\"inLanguage\":\"en-US\"}]}<\/script>\n<!-- \/ Yoast SEO plugin. -->","yoast_head_json":{"title":"\u0130lk Ad\u0131m\u0131m\u0131z 2010'da At\u0131ld\u0131 - Dr. Selenga G\u00fcrmen: Psikoloji E\u011fitimleri - Terapi E\u011fitimleri","robots":{"index":"index","follow":"follow","max-snippet":"max-snippet:-1","max-image-preview":"max-image-preview:large","max-video-preview":"max-video-preview:-1"},"canonical":"https:\/\/drselengagurmen.com\/en\/ilk-adimimiz-2010da-atildi\/","og_locale":"en_US","og_type":"article","og_title":"\u0130lk Ad\u0131m\u0131m\u0131z 2010'da At\u0131ld\u0131 - Dr. Selenga G\u00fcrmen: Psikoloji E\u011fitimleri - Terapi E\u011fitimleri","og_description":"Ana Sayfa \u0130lk Ad\u0131m\u0131m\u0131z 2010&#8217;da At\u0131ld\u0131 \u0130lk Ad\u0131m\u0131m\u0131z 2010&#8217;da At\u0131ld\u0131 \u0130lk Ad\u0131m\u0131m\u0131z 2010&#8217;da At\u0131ld\u0131 T\u00fcrkiye\u2019de yeni yeni duyulmaya ba\u015flayan \u00c7ift ve Aile Dan\u0131\u015fmanl\u0131\u011f\u0131 alan\u0131n\u0131 en iyi okullardan \u00f6\u011frenmek i\u00e7in Dr. Selenga G\u00fcrmen, University of Connecticut\u2019ta y\u00fcksek lisans ve doktoras\u0131n\u0131 yapmak i\u00e7in Amerika\u2019ya gitti. Burada birey, \u00e7ift ve ailelerle dan\u0131\u015fmanl\u0131k yapmaya ba\u015flay\u0131p, birey ve ailelerin \u00e7e\u015fitli [&hellip;]","og_url":"https:\/\/drselengagurmen.com\/en\/ilk-adimimiz-2010da-atildi\/","og_site_name":"Dr. Selenga G\u00fcrmen: Psikoloji E\u011fitimleri - Terapi E\u011fitimleri","article_modified_time":"2025-05-26T12:26:59+00:00","twitter_card":"summary_large_image","twitter_misc":{"Est. reading time":"1 minute"},"schema":{"@context":"https:\/\/schema.org","@graph":[{"@type":"WebPage","@id":"https:\/\/drselengagurmen.com\/ilk-adimimiz-2010da-atildi\/","url":"https:\/\/drselengagurmen.com\/ilk-adimimiz-2010da-atildi\/","name":"\u0130lk Ad\u0131m\u0131m\u0131z 2010'da At\u0131ld\u0131 - Dr. Selenga G\u00fcrmen: Psikoloji E\u011fitimleri - Terapi E\u011fitimleri","isPartOf":{"@id":"https:\/\/drselengagurmen.com\/#website"},"datePublished":"2023-07-03T12:35:37+00:00","dateModified":"2025-05-26T12:26:59+00:00","breadcrumb":{"@id":"https:\/\/drselengagurmen.com\/ilk-adimimiz-2010da-atildi\/#breadcrumb"},"inLanguage":"en-US","potentialAction":[{"@type":"ReadAction","target":["https:\/\/drselengagurmen.com\/ilk-adimimiz-2010da-atildi\/"]}]},{"@type":"BreadcrumbList","@id":"https:\/\/drselengagurmen.com\/ilk-adimimiz-2010da-atildi\/#breadcrumb","itemListElement":[{"@type":"ListItem","position":1,"name":"Anasayfa","item":"https:\/\/drselengagurmen.com\/"},{"@type":"ListItem","position":2,"name":"\u0130lk Ad\u0131m\u0131m\u0131z 2010&#8217;da At\u0131ld\u0131"}]},{"@type":"WebSite","@id":"https:\/\/drselengagurmen.com\/#website","url":"https:\/\/drselengagurmen.com\/","name":"Dr. Selenga G\u00fcrmen: Psikoloji E\u011fitimleri - Terapi E\u011fitimleri","description":"Psikoterapistler, psikoterapi e\u011fitimi alm\u0131\u015f ruh sa\u011fl\u0131\u011f\u0131 alan\u0131nda \u00e7al\u0131\u015fan uzmanlard\u0131r.","potentialAction":[{"@type":"SearchAction","target":{"@type":"EntryPoint","urlTemplate":"https:\/\/drselengagurmen.com\/?s={search_term_string}"},"query-input":{"@type":"PropertyValueSpecification","valueRequired":true,"valueName":"search_term_string"}}],"inLanguage":"en-US"}]}},"_links":{"self":[{"href":"https:\/\/drselengagurmen.com\/en\/wp-json\/wp\/v2\/pages\/2999","targetHints":{"allow":["GET"]}}],"collection":[{"href":"https:\/\/drselengagurmen.com\/en\/wp-json\/wp\/v2\/pages"}],"about":[{"href":"https:\/\/drselengagurmen.com\/en\/wp-json\/wp\/v2\/types\/page"}],"author":[{"embeddable":true,"href":"https:\/\/drselengagurmen.com\/en\/wp-json\/wp\/v2\/users\/1"}],"replies":[{"embeddable":true,"href":"https:\/\/drselengagurmen.com\/en\/wp-json\/wp\/v2\/comments?post=2999"}],"version-history":[{"count":0,"href":"https:\/\/drselengagurmen.com\/en\/wp-json\/wp\/v2\/pages\/2999\/revisions"}],"wp:attachment":[{"href":"https:\/\/drselengagurmen.com\/en\/wp-json\/wp\/v2\/media?parent=2999"}],"curies":[{"name":"wp","href":"https:\/\/api.w.org\/{rel}","templated":true}]}}